{"id":18089,"date":"2020-09-21T13:48:43","date_gmt":"2020-09-21T17:48:43","guid":{"rendered":"https:\/\/adf-magazine.com\/?page_id=18089"},"modified":"2025-06-18T09:24:11","modified_gmt":"2025-06-18T13:24:11","slug":"contribuir","status":"publish","type":"page","link":"https:\/\/adf-magazine.com\/pt-pt\/contribuir\/","title":{"rendered":"Contribuir"},"content":{"rendered":"\t\t<div data-elementor-type=\"wp-page\" data-elementor-id=\"18089\" class=\"elementor elementor-18089 elementor-23\">\n\t\t\t\t\t\t<section class=\"has-el-gap el-gap-default elementor-section elementor-top-section elementor-element elementor-element-53e7efc elementor-section-full_width elementor-hidden-tablet elementor-hidden-mobile elementor-section-height-default elementor-section-height-default\" data-id=\"53e7efc\" data-element_type=\"section\" data-e-type=\"section\" data-settings=\"{&quot;background_background&quot;:&quot;classic&quot;}\">\n\t\t\t\t\t\t<div class=\"elementor-container elementor-column-gap-no\">\n\t\t\t\t\t<div class=\"elementor-column elementor-col-100 elementor-top-column elementor-element elementor-element-96034d9\" data-id=\"96034d9\" data-element_type=\"column\" data-e-type=\"column\">\n\t\t\t<div class=\"elementor-widget-wrap elementor-element-populated\">\n\t\t\t\t\t\t<section class=\"has-el-gap el-gap-default elementor-section elementor-inner-section elementor-element elementor-element-614a31c elementor-section-boxed elementor-section-height-default elementor-section-height-default\" data-id=\"614a31c\" data-element_type=\"section\" data-e-type=\"section\">\n\t\t\t\t\t\t<div class=\"elementor-container elementor-column-gap-no\">\n\t\t\t\t\t<div class=\"elementor-column elementor-col-100 elementor-inner-column elementor-element elementor-element-aa09d83\" data-id=\"aa09d83\" data-element_type=\"column\" data-e-type=\"column\">\n\t\t\t<div class=\"elementor-widget-wrap elementor-element-populated\">\n\t\t\t\t\t\t<div class=\"elementor-element elementor-element-238d9b5 elementor-widget elementor-widget-smartmag-heading\" data-id=\"238d9b5\" data-element_type=\"widget\" data-e-type=\"widget\" data-widget_type=\"smartmag-heading.default\">\n\t\t\t\t<div class=\"elementor-widget-container\">\n\t\t\t\t\t\t\t\t\t\t\n\t\t\t\t\t\t\t\n\t\t\t\t<div class=\"block-head block-head-ac block-head-c is-left\">\n\n\t\t\t\t\t<h4 class=\"heading\">Contribuir<\/h4>\t\t\t\t\t\n\t\t\t\t\t\t\t\t\t<\/div>\n\t\t\t\t\n\t\t\t\n\t\t\t\t\t\t<\/div>\n\t\t\t\t<\/div>\n\t\t\t\t\t<\/div>\n\t\t<\/div>\n\t\t\t\t\t<\/div>\n\t\t<\/section>\n\t\t\t\t<section class=\"has-el-gap el-gap-default elementor-section elementor-inner-section elementor-element elementor-element-9794db8 elementor-section-boxed elementor-section-height-default elementor-section-height-default\" data-id=\"9794db8\" data-element_type=\"section\" data-e-type=\"section\">\n\t\t\t\t\t\t<div class=\"elementor-container elementor-column-gap-no\">\n\t\t\t\t\t<div class=\"elementor-column elementor-col-50 elementor-inner-column elementor-element elementor-element-4ec7580\" data-id=\"4ec7580\" data-element_type=\"column\" data-e-type=\"column\">\n\t\t\t<div class=\"elementor-widget-wrap elementor-element-populated\">\n\t\t\t\t\t\t<div class=\"elementor-element elementor-element-fdeed52 elementor-widget elementor-widget-text-editor\" data-id=\"fdeed52\" data-element_type=\"widget\" data-e-type=\"widget\" data-widget_type=\"text-editor.default\">\n\t\t\t\t<div class=\"elementor-widget-container\">\n\t\t\t\t\t\t\t\t\t<h5><strong><span lang=\"DE\">Compreende os interesses e desafios do continente e quer publicar os seus artigos? Envie um artigo para publica\u00e7\u00e3o na ADF e fa\u00e7a com que a sua voz seja ouvida. A ADF funciona como um f\u00f3rum internacional para especialistas militares e de seguran\u00e7a em \u00c1frica e incentiva o debate aprofundado e a troca de ideias. <\/span>Publicada trimestralmente, a revista cobre t\u00f3picos como estrat\u00e9gias de combate ao terrorismo, opera\u00e7\u00f5es de defesa e seguran\u00e7a, crime transnacional e quest\u00f5es que afectam a paz, a estabilidade, a boa governa\u00e7\u00e3o e a prosperidade.<\/strong><\/h5><h5>\u00a0<\/h5><h6><strong>NORMAS PARA PUBLICA\u00c7\u00c3O DE ARTIGOS NA <em>ADF<\/em><\/strong><\/h6><h6><strong><br \/>REQUISITOS EDITORIAIS<\/strong><\/h6><ul><li><span style=\"color: #ff0000;\">\u2022<\/span> A prefer\u00eancia \u00e9 para artigos com aproximadamente 1.500 palavras.<\/li><li><span style=\"color: #ff0000;\">\u2022 <\/span>Os artigos podem ser editados para se ajustarem ao estilo e espa\u00e7amento, mas a <em>ADF<\/em> ir\u00e1 colaborar com o autor quanto \u00e0s altera\u00e7\u00f5es finais.<\/li><li><span style=\"color: #ff0000;\">\u2022 <\/span>Inclua uma pequena biografia sua com informa\u00e7\u00f5es de contacto.<\/li><li><span style=\"color: #ff0000;\">\u2022 <\/span>Se poss\u00edvel, inclua uma fotografia sua de alta resolu\u00e7\u00e3o e imagens relacionadas ao seu artigo com legendas e informa\u00e7\u00f5es sobre os cr\u00e9ditos da foto.<\/li><\/ul><h6><strong><br \/>SUBMISS\u00d5ES<\/strong><\/h6><p>Envie todas as ideias de reportagens, conte\u00fados e d\u00favidas para a Equipa Editorial da <em>ADF<\/em> atrav\u00e9s do <strong><a title=\"mailto:editor@adf-magazine.com\" href=\"mailto:editor@adf-magazine.com\">editor@adf-magazine.com<\/a><\/strong>. Ou envie um e-mail para um dos seguintes endere\u00e7os:<\/p><p>Headquarters, U.S. Africa Command<br \/>ATTN: J3\/Africa Defense Forum Staff<br \/>Unit 29951<br \/>APO AE 09751 USA<\/p>\t\t\t\t\t\t\t\t<\/div>\n\t\t\t\t<\/div>\n\t\t\t\t\t<\/div>\n\t\t<\/div>\n\t\t\t\t<div class=\"elementor-column elementor-col-50 elementor-inner-column elementor-element elementor-element-e659786\" data-id=\"e659786\" data-element_type=\"column\" data-e-type=\"column\" data-settings=\"{&quot;background_background&quot;:&quot;classic&quot;}\">\n\t\t\t<div class=\"elementor-widget-wrap elementor-element-populated\">\n\t\t\t\t\t\t<div class=\"elementor-element elementor-element-d3ad906 elementor-widget elementor-widget-wp-widget-text\" data-id=\"d3ad906\" data-element_type=\"widget\" data-e-type=\"widget\" data-widget_type=\"wp-widget-text.default\">\n\t\t\t\t<div class=\"elementor-widget-container\">\n\t\t\t\t\t<div class=\"widget widget_text\">\t\t\t<div class=\"textwidget\">\n<div class=\"wpcf7 no-js\" id=\"wpcf7-f18079-o1\" lang=\"en-US\" dir=\"ltr\" data-wpcf7-id=\"18079\">\n<div class=\"screen-reader-response\"><p role=\"status\" aria-live=\"polite\" aria-atomic=\"true\"><\/p> <ul><\/ul><\/div>\n<form action=\"\/pt-pt\/wp-json\/wp\/v2\/pages\/18089#wpcf7-f18079-o1\" method=\"post\" class=\"wpcf7-form init\" aria-label=\"Contact form\" novalidate=\"novalidate\" data-status=\"init\">\n<fieldset class=\"hidden-fields-container\"><input type=\"hidden\" name=\"_wpcf7\" value=\"18079\" \/><input type=\"hidden\" name=\"_wpcf7_version\" value=\"6.1.5\" \/><input type=\"hidden\" name=\"_wpcf7_locale\" value=\"en_US\" \/><input type=\"hidden\" name=\"_wpcf7_unit_tag\" value=\"wpcf7-f18079-o1\" \/><input type=\"hidden\" name=\"_wpcf7_container_post\" value=\"0\" \/><input type=\"hidden\" name=\"_wpcf7_posted_data_hash\" value=\"\" \/><input type=\"hidden\" name=\"_wpcf7_recaptcha_response\" value=\"\" \/>\n<\/fieldset>\n<p><b>Sim, gostaria de me juntar a outros profissionais de seguran\u00e7a que recebem an\u00fancios por e-mail da revista ADF.<\/b><span class=\"wpcf7-form-control-wrap\" data-name=\"select-yes\"><span class=\"wpcf7-form-control wpcf7-checkbox\"><span class=\"wpcf7-list-item first last\"><label><input type=\"checkbox\" name=\"select-yes[]\" value=\"Sim\" \/><span class=\"wpcf7-list-item-label\">Sim<\/span><\/label><\/span><\/span><\/span><span class=\"wpcf7-form-control-wrap\" data-name=\"checkbox-685\"><span class=\"wpcf7-form-control wpcf7-checkbox\"><\/span><\/span>\n<\/p>\n<p>Seu Nome (requeridos)\n<\/p>\n<p><span class=\"wpcf7-form-control-wrap\" data-name=\"your-name\"><input size=\"40\" maxlength=\"400\" class=\"wpcf7-form-control wpcf7-text wpcf7-validates-as-required\" aria-required=\"true\" aria-invalid=\"false\" value=\"\" type=\"text\" name=\"your-name\" \/><\/span>\n<\/p>\n<p>Seu Email (requeridos)\n<\/p>\n<p><span class=\"wpcf7-form-control-wrap\" data-name=\"your-email\"><input size=\"40\" maxlength=\"400\" class=\"wpcf7-form-control wpcf7-email wpcf7-validates-as-required wpcf7-text wpcf7-validates-as-email\" aria-required=\"true\" aria-invalid=\"false\" value=\"\" type=\"email\" name=\"your-email\" \/><\/span>\n<\/p>\n<p>Sujeito\n<\/p>\n<p><span class=\"wpcf7-form-control-wrap\" data-name=\"your-subject\"><input size=\"40\" maxlength=\"400\" class=\"wpcf7-form-control wpcf7-text\" aria-invalid=\"false\" value=\"\" type=\"text\" name=\"your-subject\" \/><\/span>\n<\/p>\n<p><label> Sua Mensagem<br \/>\n<span class=\"wpcf7-form-control-wrap\" data-name=\"your-message\"><textarea cols=\"40\" rows=\"10\" maxlength=\"2000\" class=\"wpcf7-form-control wpcf7-textarea\" aria-invalid=\"false\" name=\"your-message\"><\/textarea><\/span> <\/label>\n<\/p>\n<p><input class=\"wpcf7-form-control wpcf7-submit has-spinner\" type=\"submit\" value=\"Enviar\" \/>\n<\/p><div class=\"wpcf7-response-output\" aria-hidden=\"true\"><\/div>\n<\/form>\n<\/div>\n\n<\/div>\n\t\t<\/div>\t\t\t\t<\/div>\n\t\t\t\t<\/div>\n\t\t\t\t\t<\/div>\n\t\t<\/div>\n\t\t\t\t\t<\/div>\n\t\t<\/section>\n\t\t\t\t\t<\/div>\n\t\t<\/div>\n\t\t\t\t\t<\/div>\n\t\t<\/section>\n\t\t\t\t<section class=\"has-el-gap el-gap-default elementor-section elementor-top-section elementor-element elementor-element-5b3cb22 elementor-section-full_width elementor-hidden-desktop elementor-section-height-default elementor-section-height-default\" data-id=\"5b3cb22\" data-element_type=\"section\" data-e-type=\"section\" data-settings=\"{&quot;background_background&quot;:&quot;classic&quot;}\">\n\t\t\t\t\t\t<div class=\"elementor-container elementor-column-gap-no\">\n\t\t\t\t\t<div class=\"elementor-column elementor-col-100 elementor-top-column elementor-element elementor-element-86d5927\" data-id=\"86d5927\" data-element_type=\"column\" data-e-type=\"column\">\n\t\t\t<div class=\"elementor-widget-wrap elementor-element-populated\">\n\t\t\t\t\t\t<div class=\"elementor-element elementor-element-6ec82dd elementor-widget elementor-widget-smartmag-heading\" data-id=\"6ec82dd\" data-element_type=\"widget\" data-e-type=\"widget\" data-widget_type=\"smartmag-heading.default\">\n\t\t\t\t<div class=\"elementor-widget-container\">\n\t\t\t\t\t\t\t\t\t\t\n\t\t\t\t\t\t\t\n\t\t\t\t<div class=\"block-head block-head-ac block-head-c is-left\">\n\n\t\t\t\t\t<h4 class=\"heading\">Contribuir<\/h4>\t\t\t\t\t\n\t\t\t\t\t\t\t\t\t<\/div>\n\t\t\t\t\n\t\t\t\n\t\t\t\t\t\t<\/div>\n\t\t\t\t<\/div>\n\t\t\t\t<div class=\"elementor-element elementor-element-9d1f34f elementor-widget elementor-widget-text-editor\" data-id=\"9d1f34f\" data-element_type=\"widget\" data-e-type=\"widget\" data-widget_type=\"text-editor.default\">\n\t\t\t\t<div class=\"elementor-widget-container\">\n\t\t\t\t\t\t\t\t\t<h5><strong><span lang=\"DE\">Compreende os interesses e desafios do continente e quer publicar os seus artigos? Envie um artigo para publica\u00e7\u00e3o na ADF e fa\u00e7a com que a sua voz seja ouvida. A ADF funciona como um f\u00f3rum internacional para especialistas militares e de seguran\u00e7a em \u00c1frica e incentiva o debate aprofundado e a troca de ideias. <\/span>Publicada trimestralmente, a revista cobre t\u00f3picos como estrat\u00e9gias de combate ao terrorismo, opera\u00e7\u00f5es de defesa e seguran\u00e7a, crime transnacional e quest\u00f5es que afectam a paz, a estabilidade, a boa governa\u00e7\u00e3o e a prosperidade.<\/strong><\/h5><h5>\u00a0<\/h5><h6><strong>NORMAS PARA PUBLICA\u00c7\u00c3O DE ARTIGOS NA <em>ADF<\/em><\/strong><\/h6><h6><strong><br \/>REQUISITOS EDITORIAIS<\/strong><\/h6><ul><li><span style=\"color: #ff0000;\">\u2022<\/span> A prefer\u00eancia \u00e9 para artigos com aproximadamente 1.500 palavras.<\/li><li><span style=\"color: #ff0000;\">\u2022 <\/span>Os artigos podem ser editados para se ajustarem ao estilo e espa\u00e7amento, mas a <em>ADF<\/em> ir\u00e1 colaborar com o autor quanto \u00e0s altera\u00e7\u00f5es finais.<\/li><li><span style=\"color: #ff0000;\">\u2022 <\/span>Inclua uma pequena biografia sua com informa\u00e7\u00f5es de contacto.<\/li><li><span style=\"color: #ff0000;\">\u2022 <\/span>Se poss\u00edvel, inclua uma fotografia sua de alta resolu\u00e7\u00e3o e imagens relacionadas ao seu artigo com legendas e informa\u00e7\u00f5es sobre os cr\u00e9ditos da foto.<\/li><\/ul><h6><strong><br \/>SUBMISS\u00d5ES<\/strong><\/h6><p>Envie todas as ideias de reportagens, conte\u00fados e d\u00favidas para a Equipa Editorial da <em>ADF<\/em> atrav\u00e9s do <strong><a title=\"mailto:editor@adf-magazine.com\" href=\"mailto:editor@adf-magazine.com\">editor@adf-magazine.com<\/a><\/strong>. Ou envie um e-mail para um dos seguintes endere\u00e7os:<\/p><p>Headquarters, U.S. Africa Command<br \/>ATTN: J3\/Africa Defense Forum Staff<br \/>Unit 29951<br \/>APO AE 09751 USA<\/p>\t\t\t\t\t\t\t\t<\/div>\n\t\t\t\t<\/div>\n\t\t\t\t<div class=\"elementor-element elementor-element-5a4145a elementor-widget elementor-widget-wp-widget-text\" data-id=\"5a4145a\" data-element_type=\"widget\" data-e-type=\"widget\" data-widget_type=\"wp-widget-text.default\">\n\t\t\t\t<div class=\"elementor-widget-container\">\n\t\t\t\t\t<div class=\"widget widget_text\">\t\t\t<div class=\"textwidget\">\n<div class=\"wpcf7 no-js\" id=\"wpcf7-f18079-o2\" lang=\"en-US\" dir=\"ltr\" data-wpcf7-id=\"18079\">\n<div class=\"screen-reader-response\"><p role=\"status\" aria-live=\"polite\" aria-atomic=\"true\"><\/p> <ul><\/ul><\/div>\n<form action=\"\/pt-pt\/wp-json\/wp\/v2\/pages\/18089#wpcf7-f18079-o2\" method=\"post\" class=\"wpcf7-form init\" aria-label=\"Contact form\" novalidate=\"novalidate\" data-status=\"init\">\n<fieldset class=\"hidden-fields-container\"><input type=\"hidden\" name=\"_wpcf7\" value=\"18079\" \/><input type=\"hidden\" name=\"_wpcf7_version\" value=\"6.1.5\" \/><input type=\"hidden\" name=\"_wpcf7_locale\" value=\"en_US\" \/><input type=\"hidden\" name=\"_wpcf7_unit_tag\" value=\"wpcf7-f18079-o2\" \/><input type=\"hidden\" name=\"_wpcf7_container_post\" value=\"0\" \/><input type=\"hidden\" name=\"_wpcf7_posted_data_hash\" value=\"\" \/><input type=\"hidden\" name=\"_wpcf7_recaptcha_response\" value=\"\" \/>\n<\/fieldset>\n<p><b>Sim, gostaria de me juntar a outros profissionais de seguran\u00e7a que recebem an\u00fancios por e-mail da revista ADF.<\/b><span class=\"wpcf7-form-control-wrap\" data-name=\"select-yes\"><span class=\"wpcf7-form-control wpcf7-checkbox\"><span class=\"wpcf7-list-item first last\"><label><input type=\"checkbox\" name=\"select-yes[]\" value=\"Sim\" \/><span class=\"wpcf7-list-item-label\">Sim<\/span><\/label><\/span><\/span><\/span><span class=\"wpcf7-form-control-wrap\" data-name=\"checkbox-685\"><span class=\"wpcf7-form-control wpcf7-checkbox\"><\/span><\/span>\n<\/p>\n<p>Seu Nome (requeridos)\n<\/p>\n<p><span class=\"wpcf7-form-control-wrap\" data-name=\"your-name\"><input size=\"40\" maxlength=\"400\" class=\"wpcf7-form-control wpcf7-text wpcf7-validates-as-required\" aria-required=\"true\" aria-invalid=\"false\" value=\"\" type=\"text\" name=\"your-name\" \/><\/span>\n<\/p>\n<p>Seu Email (requeridos)\n<\/p>\n<p><span class=\"wpcf7-form-control-wrap\" data-name=\"your-email\"><input size=\"40\" maxlength=\"400\" class=\"wpcf7-form-control wpcf7-email wpcf7-validates-as-required wpcf7-text wpcf7-validates-as-email\" aria-required=\"true\" aria-invalid=\"false\" value=\"\" type=\"email\" name=\"your-email\" \/><\/span>\n<\/p>\n<p>Sujeito\n<\/p>\n<p><span class=\"wpcf7-form-control-wrap\" data-name=\"your-subject\"><input size=\"40\" maxlength=\"400\" class=\"wpcf7-form-control wpcf7-text\" aria-invalid=\"false\" value=\"\" type=\"text\" name=\"your-subject\" \/><\/span>\n<\/p>\n<p><label> Sua Mensagem<br \/>\n<span class=\"wpcf7-form-control-wrap\" data-name=\"your-message\"><textarea cols=\"40\" rows=\"10\" maxlength=\"2000\" class=\"wpcf7-form-control wpcf7-textarea\" aria-invalid=\"false\" name=\"your-message\"><\/textarea><\/span> <\/label>\n<\/p>\n<p><input class=\"wpcf7-form-control wpcf7-submit has-spinner\" type=\"submit\" value=\"Enviar\" \/>\n<\/p><div class=\"wpcf7-response-output\" aria-hidden=\"true\"><\/div>\n<\/form>\n<\/div>\n\n<\/div>\n\t\t<\/div>\t\t\t\t<\/div>\n\t\t\t\t<\/div>\n\t\t\t\t\t<\/div>\n\t\t<\/div>\n\t\t\t\t\t<\/div>\n\t\t<\/section>\n\t\t\t\t<\/div>\n\t\t","protected":false},"excerpt":{"rendered":"<p>Contribuir Compreende os interesses e desafios do continente e quer publicar os seus artigos? Envie um artigo para publica\u00e7\u00e3o na ADF e fa\u00e7a com que a sua voz seja ouvida. A ADF funciona como um f\u00f3rum internacional para especialistas militares e de seguran\u00e7a em \u00c1frica e incentiva o debate aprofundado e a troca de ideias.<\/p>\n","protected":false},"author":1,"featured_media":0,"parent":0,"menu_order":0,"comment_status":"closed","ping_status":"closed","template":"page-templates\/no-wrapper.php","meta":{"_acf_changed":false,"_monsterinsights_skip_tracking":false,"_monsterinsights_sitenote_active":false,"_monsterinsights_sitenote_note":"","_monsterinsights_sitenote_category":0,"_uf_show_specific_survey":0,"_uf_disable_surveys":false,"footnotes":""},"class_list":["post-18089","page","type-page","status-publish"],"acf":[],"yoast_head":"<!-- This site is optimized with the Yoast SEO plugin v27.3 - https:\/\/yoast.com\/product\/yoast-seo-wordpress\/ -->\n<title>Contribuir - Africa Defense Forum<\/title>\n<meta name=\"robots\" content=\"index, follow, max-snippet:-1, max-image-preview:large, max-video-preview:-1\" \/>\n<link rel=\"canonical\" href=\"https:\/\/adf-magazine.com\/contribute\/\" \/>\n<meta property=\"og:locale\" content=\"pt_PT\" \/>\n<meta property=\"og:type\" content=\"article\" \/>\n<meta property=\"og:title\" content=\"Contribuir - Africa Defense Forum\" \/>\n<meta property=\"og:description\" content=\"Contribuir Compreende os interesses e desafios do continente e quer publicar os seus artigos? Envie um artigo para publica\u00e7\u00e3o na ADF e fa\u00e7a com que a sua voz seja ouvida. A ADF funciona como um f\u00f3rum internacional para especialistas militares e de seguran\u00e7a em \u00c1frica e incentiva o debate aprofundado e a troca de ideias.\" \/>\n<meta property=\"og:url\" content=\"https:\/\/adf-magazine.com\/contribute\/\" \/>\n<meta property=\"og:site_name\" content=\"Africa Defense Forum\" \/>\n<meta property=\"article:publisher\" content=\"https:\/\/www.facebook.com\/ADFmagazine\/\" \/>\n<meta property=\"article:modified_time\" content=\"2025-06-18T13:24:11+00:00\" \/>\n<meta property=\"og:image\" content=\"https:\/\/adf-magazine.com\/wp-content\/uploads\/2020\/01\/cropped-ADF-Logo.jpg\" \/>\n<meta name=\"twitter:card\" content=\"summary_large_image\" \/>\n<meta name=\"twitter:image\" content=\"https:\/\/adf-magazine.com\/wp-content\/uploads\/2020\/01\/cropped-ADF-Logo.jpg\" \/>\n<meta name=\"twitter:site\" content=\"@ADFmagazine\" \/>\n<meta name=\"twitter:label1\" content=\"Tempo estimado de leitura\" \/>\n\t<meta name=\"twitter:data1\" content=\"2 minutos\" \/>\n<script type=\"application\/ld+json\" class=\"yoast-schema-graph\">{\"@context\":\"https:\\\/\\\/schema.org\",\"@graph\":[{\"@type\":\"WebPage\",\"@id\":\"https:\\\/\\\/adf-magazine.com\\\/contribute\\\/\",\"url\":\"https:\\\/\\\/adf-magazine.com\\\/contribute\\\/\",\"name\":\"Contribuir - Africa Defense Forum\",\"isPartOf\":{\"@id\":\"https:\\\/\\\/adf-magazine.com\\\/#website\"},\"datePublished\":\"2020-09-21T17:48:43+00:00\",\"dateModified\":\"2025-06-18T13:24:11+00:00\",\"breadcrumb\":{\"@id\":\"https:\\\/\\\/adf-magazine.com\\\/contribute\\\/#breadcrumb\"},\"inLanguage\":\"pt-PT\",\"potentialAction\":[{\"@type\":\"ReadAction\",\"target\":[\"https:\\\/\\\/adf-magazine.com\\\/contribute\\\/\"]}]},{\"@type\":\"BreadcrumbList\",\"@id\":\"https:\\\/\\\/adf-magazine.com\\\/contribute\\\/#breadcrumb\",\"itemListElement\":[{\"@type\":\"ListItem\",\"position\":1,\"name\":\"Home\",\"item\":\"https:\\\/\\\/adf-magazine.com\\\/\"},{\"@type\":\"ListItem\",\"position\":2,\"name\":\"Contribuir\"}]},{\"@type\":\"WebSite\",\"@id\":\"https:\\\/\\\/adf-magazine.com\\\/#website\",\"url\":\"https:\\\/\\\/adf-magazine.com\\\/\",\"name\":\"Africa Defense Forum\",\"description\":\"Africa Defense Forum\",\"potentialAction\":[{\"@type\":\"SearchAction\",\"target\":{\"@type\":\"EntryPoint\",\"urlTemplate\":\"https:\\\/\\\/adf-magazine.com\\\/?s={search_term_string}\"},\"query-input\":{\"@type\":\"PropertyValueSpecification\",\"valueRequired\":true,\"valueName\":\"search_term_string\"}}],\"inLanguage\":\"pt-PT\"}]}<\/script>\n<!-- \/ Yoast SEO plugin. -->","yoast_head_json":{"title":"Contribuir - Africa Defense Forum","robots":{"index":"index","follow":"follow","max-snippet":"max-snippet:-1","max-image-preview":"max-image-preview:large","max-video-preview":"max-video-preview:-1"},"canonical":"https:\/\/adf-magazine.com\/contribute\/","og_locale":"pt_PT","og_type":"article","og_title":"Contribuir - Africa Defense Forum","og_description":"Contribuir Compreende os interesses e desafios do continente e quer publicar os seus artigos? Envie um artigo para publica\u00e7\u00e3o na ADF e fa\u00e7a com que a sua voz seja ouvida. A ADF funciona como um f\u00f3rum internacional para especialistas militares e de seguran\u00e7a em \u00c1frica e incentiva o debate aprofundado e a troca de ideias.","og_url":"https:\/\/adf-magazine.com\/contribute\/","og_site_name":"Africa Defense Forum","article_publisher":"https:\/\/www.facebook.com\/ADFmagazine\/","article_modified_time":"2025-06-18T13:24:11+00:00","og_image":[{"url":"https:\/\/adf-magazine.com\/wp-content\/uploads\/2020\/01\/cropped-ADF-Logo.jpg","type":"","width":"","height":""}],"twitter_card":"summary_large_image","twitter_image":"https:\/\/adf-magazine.com\/wp-content\/uploads\/2020\/01\/cropped-ADF-Logo.jpg","twitter_site":"@ADFmagazine","twitter_misc":{"Tempo estimado de leitura":"2 minutos"},"schema":{"@context":"https:\/\/schema.org","@graph":[{"@type":"WebPage","@id":"https:\/\/adf-magazine.com\/contribute\/","url":"https:\/\/adf-magazine.com\/contribute\/","name":"Contribuir - Africa Defense Forum","isPartOf":{"@id":"https:\/\/adf-magazine.com\/#website"},"datePublished":"2020-09-21T17:48:43+00:00","dateModified":"2025-06-18T13:24:11+00:00","breadcrumb":{"@id":"https:\/\/adf-magazine.com\/contribute\/#breadcrumb"},"inLanguage":"pt-PT","potentialAction":[{"@type":"ReadAction","target":["https:\/\/adf-magazine.com\/contribute\/"]}]},{"@type":"BreadcrumbList","@id":"https:\/\/adf-magazine.com\/contribute\/#breadcrumb","itemListElement":[{"@type":"ListItem","position":1,"name":"Home","item":"https:\/\/adf-magazine.com\/"},{"@type":"ListItem","position":2,"name":"Contribuir"}]},{"@type":"WebSite","@id":"https:\/\/adf-magazine.com\/#website","url":"https:\/\/adf-magazine.com\/","name":"Africa Defense Forum","description":"Africa Defense Forum","potentialAction":[{"@type":"SearchAction","target":{"@type":"EntryPoint","urlTemplate":"https:\/\/adf-magazine.com\/?s={search_term_string}"},"query-input":{"@type":"PropertyValueSpecification","valueRequired":true,"valueName":"search_term_string"}}],"inLanguage":"pt-PT"}]}},"_links":{"self":[{"href":"https:\/\/adf-magazine.com\/pt-pt\/wp-json\/wp\/v2\/pages\/18089","targetHints":{"allow":["GET"]}}],"collection":[{"href":"https:\/\/adf-magazine.com\/pt-pt\/wp-json\/wp\/v2\/pages"}],"about":[{"href":"https:\/\/adf-magazine.com\/pt-pt\/wp-json\/wp\/v2\/types\/page"}],"author":[{"embeddable":true,"href":"https:\/\/adf-magazine.com\/pt-pt\/wp-json\/wp\/v2\/users\/1"}],"replies":[{"embeddable":true,"href":"https:\/\/adf-magazine.com\/pt-pt\/wp-json\/wp\/v2\/comments?post=18089"}],"version-history":[{"count":0,"href":"https:\/\/adf-magazine.com\/pt-pt\/wp-json\/wp\/v2\/pages\/18089\/revisions"}],"wp:attachment":[{"href":"https:\/\/adf-magazine.com\/pt-pt\/wp-json\/wp\/v2\/media?parent=18089"}],"curies":[{"name":"wp","href":"https:\/\/api.w.org\/{rel}","templated":true}]}}