{"id":17584,"date":"2020-09-09T13:35:18","date_gmt":"2020-09-09T17:35:18","guid":{"rendered":"https:\/\/adf-magazine.com\/?page_id=17584"},"modified":"2025-05-08T10:22:21","modified_gmt":"2025-05-08T14:22:21","slug":"sobre-adf","status":"publish","type":"page","link":"https:\/\/adf-magazine.com\/pt-pt\/sobre-adf\/","title":{"rendered":"Sobre ADF"},"content":{"rendered":"\t\t<div data-elementor-type=\"wp-page\" data-elementor-id=\"17584\" class=\"elementor elementor-17584 elementor-20\">\n\t\t\t\t\t\t<section class=\"has-el-gap el-gap-default elementor-section elementor-top-section elementor-element elementor-element-9cddb16 elementor-section-boxed elementor-section-height-default elementor-section-height-default\" data-id=\"9cddb16\" data-element_type=\"section\" data-e-type=\"section\">\n\t\t\t\t\t\t<div class=\"elementor-container elementor-column-gap-no\">\n\t\t\t\t\t<div class=\"elementor-column elementor-col-100 elementor-top-column elementor-element elementor-element-f7dfed3\" data-id=\"f7dfed3\" data-element_type=\"column\" data-e-type=\"column\">\n\t\t\t<div class=\"elementor-widget-wrap elementor-element-populated\">\n\t\t\t\t\t\t<div class=\"elementor-element elementor-element-04513ed elementor-widget elementor-widget-smartmag-heading\" data-id=\"04513ed\" data-element_type=\"widget\" data-e-type=\"widget\" data-widget_type=\"smartmag-heading.default\">\n\t\t\t\t<div class=\"elementor-widget-container\">\n\t\t\t\t\t\t\t\t\t\t\n\t\t\t\t\t\t\t\n\t\t\t\t<div class=\"block-head block-head-ac block-head-c is-left\">\n\n\t\t\t\t\t<h4 class=\"heading\">sobre ADF<\/h4>\t\t\t\t\t\n\t\t\t\t\t\t\t\t\t<\/div>\n\t\t\t\t\n\t\t\t\n\t\t\t\t\t\t<\/div>\n\t\t\t\t<\/div>\n\t\t\t\t\t<\/div>\n\t\t<\/div>\n\t\t\t\t\t<\/div>\n\t\t<\/section>\n\t\t\t\t<section class=\"has-el-gap el-gap-default elementor-section elementor-top-section elementor-element elementor-element-2a0f120 elementor-hidden-tablet elementor-hidden-mobile elementor-section-boxed elementor-section-height-default elementor-section-height-default\" data-id=\"2a0f120\" data-element_type=\"section\" data-e-type=\"section\">\n\t\t\t\t\t\t<div class=\"elementor-container elementor-column-gap-no\">\n\t\t\t\t\t<div class=\"elementor-column elementor-col-50 elementor-top-column elementor-element elementor-element-e4c368a\" data-id=\"e4c368a\" data-element_type=\"column\" data-e-type=\"column\">\n\t\t\t<div class=\"elementor-widget-wrap elementor-element-populated\">\n\t\t\t\t\t\t<div class=\"elementor-element elementor-element-e211ae5 elementor-widget elementor-widget-text-editor\" data-id=\"e211ae5\" data-element_type=\"widget\" data-e-type=\"widget\" data-widget_type=\"text-editor.default\">\n\t\t\t\t<div class=\"elementor-widget-container\">\n\t\t\t\t\t\t\t\t\t<div id=\"pgc-20-0-0\" class=\"panel-grid-cell\" data-weight=\"1\"><div id=\"panel-20-0-0-0\" class=\"so-panel widget panel-first-child panel-last-child\" data-index=\"0\"><h5 class=\"yiv3025799279xmsonormal\"><span style=\"color: #000000;\">A revista Africa Defense Forum (ADF) \u00e9 publicada trimestralmente pelo Comando dos EUA para \u00c1frica para proporcionar um f\u00f3rum internacional para os profissionais de seguran\u00e7a africanos. A revista ADF abrange todos os 54 pa\u00edses do continente africano, com artigos sobre quest\u00f5es de seguran\u00e7a actuais, tais como estrat\u00e9gias de combate ao terrorismo, rela\u00e7\u00f5es civis-militares, profissionalismo, crime transnacional e todas as outras quest\u00f5es que afectam a paz, a estabilidade e a boa governa\u00e7\u00e3o. As opini\u00f5es expressas na revista ADF n\u00e3o representam necessariamente as pol\u00edticas ou os pontos de vista do Comando dos EUA para \u00c1frica ou de qualquer outra ag\u00eancia governamental dos EUA. Todos os artigos s\u00e3o escritos pela equipa da ADF ou creditados \u00e0 ag\u00eancia noticiosa que produziu o material original. As assinaturas impressas s\u00e3o oferecidas gratuitamente aos profissionais de seguran\u00e7a africanos nas l\u00ednguas inglesa, francesa e \u00e1rabe.<\/span><\/h5><\/div><\/div>\t\t\t\t\t\t\t\t<\/div>\n\t\t\t\t<\/div>\n\t\t\t\t\t<\/div>\n\t\t<\/div>\n\t\t\t\t<div class=\"elementor-column elementor-col-50 elementor-top-column elementor-element elementor-element-698030d\" data-id=\"698030d\" data-element_type=\"column\" data-e-type=\"column\">\n\t\t\t<div class=\"elementor-widget-wrap elementor-element-populated\">\n\t\t\t\t\t\t<section class=\"has-el-gap el-gap-default elementor-section elementor-inner-section elementor-element elementor-element-57a75dc elementor-section-boxed elementor-section-height-default elementor-section-height-default\" data-id=\"57a75dc\" data-element_type=\"section\" data-e-type=\"section\">\n\t\t\t\t\t\t<div class=\"elementor-container elementor-column-gap-no\">\n\t\t\t\t\t<div class=\"elementor-column elementor-col-50 elementor-inner-column elementor-element elementor-element-42f893a el-col-sep\" data-id=\"42f893a\" data-element_type=\"column\" data-e-type=\"column\">\n\t\t\t<div class=\"elementor-widget-wrap elementor-element-populated\">\n\t\t\t\t\t\t<div class=\"elementor-element elementor-element-d24fa98 elementor-widget elementor-widget-text-editor\" data-id=\"d24fa98\" data-element_type=\"widget\" data-e-type=\"widget\" data-widget_type=\"text-editor.default\">\n\t\t\t\t<div class=\"elementor-widget-container\">\n\t\t\t\t\t\t\t\t\t<p><strong>Para subscrever, clique aqui<br \/><a href=\"https:\/\/gpx.6e9.myftpupload.com\/pt-pt\/inscricao\/\"><span style=\"color: #ff0000;\">INSCRI\u00c7\u00c3O<\/span><\/a><\/strong><\/p><p><strong>To Contribute, please click here<br \/><\/strong><a href=\"https:\/\/gpx.6e9.myftpupload.com\/pt-pt\/contribuir\/\"><span style=\"color: #ff0000;\"><strong>CONTRIBUIR<\/strong><\/span><\/a><\/p><h5>Gostar\u00edamos muito de ouvir as opini\u00f5es de pessoas das nossas na\u00e7\u00f5es parceiras africanas que compreendem os interesses e desafios do continente. Para partilhar os seus pensamentos sobre qualquer coisa que tenha lido na revista ADF ou online, preencha o formul\u00e1rio de contacto abaixo.<\/h5>\t\t\t\t\t\t\t\t<\/div>\n\t\t\t\t<\/div>\n\t\t\t\t\t<\/div>\n\t\t<\/div>\n\t\t\t\t<div class=\"elementor-column elementor-col-50 elementor-inner-column elementor-element elementor-element-3c015b5 el-col-sep\" data-id=\"3c015b5\" data-element_type=\"column\" data-e-type=\"column\">\n\t\t\t<div class=\"elementor-widget-wrap elementor-element-populated\">\n\t\t\t\t\t\t<div class=\"elementor-element elementor-element-6073951 elementor-widget elementor-widget-text-editor\" data-id=\"6073951\" data-element_type=\"widget\" data-e-type=\"widget\" data-widget_type=\"text-editor.default\">\n\t\t\t\t<div class=\"elementor-widget-container\">\n\t\t\t\t\t\t\t\t\t<p><a href=\"https:\/\/gpx.6e9.myftpupload.com\/pt-pt\/arquivo\/\"><strong>As edi\u00e7\u00f5es anteriores da revista podem ser acedidas digitalmente na sec\u00e7\u00e3o Arquivo.<\/strong><\/a><\/p>\t\t\t\t\t\t\t\t<\/div>\n\t\t\t\t<\/div>\n\t\t\t\t<div class=\"elementor-element elementor-element-48c8f22 elementor-widget elementor-widget-image\" data-id=\"48c8f22\" data-element_type=\"widget\" data-e-type=\"widget\" data-widget_type=\"image.default\">\n\t\t\t\t<div class=\"elementor-widget-container\">\n\t\t\t\t\t\t\t\t\t\t\t\t\t\t\t\t<a href=\"https:\/\/gpx.6e9.myftpupload.com\/archive-2\/\">\n\t\t\t\t\t\t\t<img decoding=\"async\" class=\" lazyload\" src=\"data:image\/svg+xml;base64,PHN2ZyB2aWV3Qm94PScwIDAgMSAxJyB4bWxucz0naHR0cDovL3d3dy53My5vcmcvMjAwMC9zdmcnPjwvc3ZnPg==\" title=\"ADFmagazines2.png\" alt=\"ADFmagazines2.png\" loading=\"lazy\" data-src=\"https:\/\/adf-magazine.com\/wp-content\/uploads\/elementor\/thumbs\/ADFmagazines2-1-qygf4fctu5jb5nw5f70bsqpbg2q2f2wto83ofkp28s.png\" \/>\t\t\t\t\t\t\t\t<\/a>\n\t\t\t\t\t\t\t\t\t\t\t\t\t\t\t<\/div>\n\t\t\t\t<\/div>\n\t\t\t\t\t<\/div>\n\t\t<\/div>\n\t\t\t\t\t<\/div>\n\t\t<\/section>\n\t\t\t\t\t<\/div>\n\t\t<\/div>\n\t\t\t\t\t<\/div>\n\t\t<\/section>\n\t\t\t\t<section class=\"has-el-gap el-gap-default elementor-section elementor-top-section elementor-element elementor-element-16e0a75 elementor-hidden-desktop elementor-section-boxed elementor-section-height-default elementor-section-height-default\" data-id=\"16e0a75\" data-element_type=\"section\" data-e-type=\"section\">\n\t\t\t\t\t\t<div class=\"elementor-container elementor-column-gap-no\">\n\t\t\t\t\t<div class=\"elementor-column elementor-col-100 elementor-top-column elementor-element elementor-element-34fe0ad\" data-id=\"34fe0ad\" data-element_type=\"column\" data-e-type=\"column\">\n\t\t\t<div class=\"elementor-widget-wrap elementor-element-populated\">\n\t\t\t\t\t\t<div class=\"elementor-element elementor-element-2ebff61 elementor-widget elementor-widget-text-editor\" data-id=\"2ebff61\" data-element_type=\"widget\" data-e-type=\"widget\" data-widget_type=\"text-editor.default\">\n\t\t\t\t<div class=\"elementor-widget-container\">\n\t\t\t\t\t\t\t\t\t<h5 class=\"yiv3025799279xmsonormal\"><span style=\"color: #999999;\">A revista Africa Defense Forum (ADF) \u00e9 publicada trimestralmente pelo Comando dos EUA para \u00c1frica para proporcionar um f\u00f3rum internacional para os profissionais de seguran\u00e7a africanos. A revista ADF abrange todos os 54 pa\u00edses do continente africano, com artigos sobre quest\u00f5es de seguran\u00e7a actuais, tais como estrat\u00e9gias de combate ao terrorismo, rela\u00e7\u00f5es civis-militares, profissionalismo, crime transnacional e todas as outras quest\u00f5es que afectam a paz, a estabilidade e a boa governa\u00e7\u00e3o. As opini\u00f5es expressas na revista ADF n\u00e3o representam necessariamente as pol\u00edticas ou os pontos de vista do Comando dos EUA para \u00c1frica ou de qualquer outra ag\u00eancia governamental dos EUA. Todos os artigos s\u00e3o escritos pela equipa da ADF ou creditados \u00e0 ag\u00eancia noticiosa que produziu o material original. As assinaturas impressas s\u00e3o oferecidas gratuitamente aos profissionais de seguran\u00e7a africanos nas l\u00ednguas inglesa, francesa e \u00e1rabe.<\/span><\/h5>\t\t\t\t\t\t\t\t<\/div>\n\t\t\t\t<\/div>\n\t\t\t\t<div class=\"elementor-element elementor-element-8d304b2 elementor-widget-divider--view-line elementor-widget elementor-widget-divider\" data-id=\"8d304b2\" data-element_type=\"widget\" data-e-type=\"widget\" data-widget_type=\"divider.default\">\n\t\t\t\t<div class=\"elementor-widget-container\">\n\t\t\t\t\t\t\t<div class=\"elementor-divider\">\n\t\t\t<span class=\"elementor-divider-separator\">\n\t\t\t\t\t\t<\/span>\n\t\t<\/div>\n\t\t\t\t\t\t<\/div>\n\t\t\t\t<\/div>\n\t\t\t\t<div class=\"elementor-element elementor-element-3772612 elementor-widget elementor-widget-text-editor\" data-id=\"3772612\" data-element_type=\"widget\" data-e-type=\"widget\" data-widget_type=\"text-editor.default\">\n\t\t\t\t<div class=\"elementor-widget-container\">\n\t\t\t\t\t\t\t\t\t<p><strong>Para subscrever, clique aqui<br \/><a href=\"https:\/\/gpx.6e9.myftpupload.com\/pt-pt\/inscricao\/\"><span style=\"color: #ff0000;\">INSCRI\u00c7\u00c3O<\/span><\/a><\/strong><\/p><p><strong>To Contribute, please click here<br \/><\/strong><a href=\"https:\/\/gpx.6e9.myftpupload.com\/pt-pt\/contribuir\/\"><span style=\"color: #ff0000;\"><strong>CONTRIBUIR<\/strong><\/span><\/a><\/p><h5>Gostar\u00edamos muito de ouvir as opini\u00f5es de pessoas das nossas na\u00e7\u00f5es parceiras africanas que compreendem os interesses e desafios do continente. Para partilhar os seus pensamentos sobre qualquer coisa que tenha lido na revista ADF ou online, preencha o formul\u00e1rio de contacto abaixo.<\/h5>\t\t\t\t\t\t\t\t<\/div>\n\t\t\t\t<\/div>\n\t\t\t\t<div class=\"elementor-element elementor-element-d9f906c elementor-widget-divider--view-line elementor-widget elementor-widget-divider\" data-id=\"d9f906c\" data-element_type=\"widget\" data-e-type=\"widget\" data-widget_type=\"divider.default\">\n\t\t\t\t<div class=\"elementor-widget-container\">\n\t\t\t\t\t\t\t<div class=\"elementor-divider\">\n\t\t\t<span class=\"elementor-divider-separator\">\n\t\t\t\t\t\t<\/span>\n\t\t<\/div>\n\t\t\t\t\t\t<\/div>\n\t\t\t\t<\/div>\n\t\t\t\t<div class=\"elementor-element elementor-element-680beb0 elementor-widget elementor-widget-text-editor\" data-id=\"680beb0\" data-element_type=\"widget\" data-e-type=\"widget\" data-widget_type=\"text-editor.default\">\n\t\t\t\t<div class=\"elementor-widget-container\">\n\t\t\t\t\t\t\t\t\t<p><a href=\"https:\/\/gpx.6e9.myftpupload.com\/pt-pt\/arquivo\/\"><strong>As edi\u00e7\u00f5es anteriores da revista podem ser acedidas digitalmente na sec\u00e7\u00e3o Arquivo.<\/strong><\/a><\/p>\t\t\t\t\t\t\t\t<\/div>\n\t\t\t\t<\/div>\n\t\t\t\t<div class=\"elementor-element elementor-element-8e23887 elementor-widget elementor-widget-image\" data-id=\"8e23887\" data-element_type=\"widget\" data-e-type=\"widget\" data-widget_type=\"image.default\">\n\t\t\t\t<div class=\"elementor-widget-container\">\n\t\t\t\t\t\t\t\t\t\t\t\t\t\t\t\t<a href=\"https:\/\/gpx.6e9.myftpupload.com\/pt-pt\/arquivo\/\">\n\t\t\t\t\t\t\t<img fetchpriority=\"high\" decoding=\"async\" class=\"attachment-large size-large wp-image-121330 lazyload\" width=\"432\" height=\"425\" src=\"data:image\/svg+xml;base64,PHN2ZyB2aWV3Qm94PScwIDAgNDMyIDQyNScgeG1sbnM9J2h0dHA6Ly93d3cudzMub3JnLzIwMDAvc3ZnJz48L3N2Zz4=\" alt srcset=\"https:\/\/adf-magazine.com\/wp-content\/uploads\/2024\/12\/ADFmagazines2-1.png 432w, https:\/\/adf-magazine.com\/wp-content\/uploads\/2024\/12\/ADFmagazines2-1-300x295.png 300w, https:\/\/adf-magazine.com\/wp-content\/uploads\/2024\/12\/ADFmagazines2-1-70x70.png 70w, https:\/\/adf-magazine.com\/wp-content\/uploads\/2024\/12\/ADFmagazines2-1-150x148.png 150w\" sizes=\"(max-width: 432px) 100vw, 432px\" data-src=\"https:\/\/adf-magazine.com\/wp-content\/uploads\/2024\/12\/ADFmagazines2-1.png\" \/>\t\t\t\t\t\t\t\t<\/a>\n\t\t\t\t\t\t\t\t\t\t\t\t\t\t\t<\/div>\n\t\t\t\t<\/div>\n\t\t\t\t\t<\/div>\n\t\t<\/div>\n\t\t\t\t\t<\/div>\n\t\t<\/section>\n\t\t\t\t<\/div>\n\t\t","protected":false},"excerpt":{"rendered":"<p>sobre ADF A revista Africa Defense Forum (ADF) \u00e9 publicada trimestralmente pelo Comando dos EUA para \u00c1frica para proporcionar um f\u00f3rum internacional para os profissionais de seguran\u00e7a africanos. A revista ADF abrange todos os 54 pa\u00edses do continente africano, com artigos sobre quest\u00f5es de seguran\u00e7a actuais, tais como estrat\u00e9gias de combate ao terrorismo, rela\u00e7\u00f5es civis-militares,<\/p>\n","protected":false},"author":1,"featured_media":0,"parent":0,"menu_order":0,"comment_status":"closed","ping_status":"closed","template":"page-templates\/no-wrapper.php","meta":{"_acf_changed":false,"_monsterinsights_skip_tracking":false,"_monsterinsights_sitenote_active":false,"_monsterinsights_sitenote_note":"","_monsterinsights_sitenote_category":0,"_uf_show_specific_survey":0,"_uf_disable_surveys":false,"footnotes":""},"class_list":["post-17584","page","type-page","status-publish"],"acf":[],"yoast_head":"<!-- This site is optimized with the Yoast SEO plugin v27.3 - https:\/\/yoast.com\/product\/yoast-seo-wordpress\/ -->\n<title>Sobre ADF - Africa Defense Forum<\/title>\n<meta name=\"robots\" content=\"index, follow, max-snippet:-1, max-image-preview:large, max-video-preview:-1\" \/>\n<link rel=\"canonical\" href=\"https:\/\/adf-magazine.com\/fr\/sur-adf\/\" \/>\n<meta property=\"og:locale\" content=\"pt_PT\" \/>\n<meta property=\"og:type\" content=\"article\" \/>\n<meta property=\"og:title\" content=\"Sobre ADF - Africa Defense Forum\" \/>\n<meta property=\"og:description\" content=\"sobre ADF A revista Africa Defense Forum (ADF) \u00e9 publicada trimestralmente pelo Comando dos EUA para \u00c1frica para proporcionar um f\u00f3rum internacional para os profissionais de seguran\u00e7a africanos. A revista ADF abrange todos os 54 pa\u00edses do continente africano, com artigos sobre quest\u00f5es de seguran\u00e7a actuais, tais como estrat\u00e9gias de combate ao terrorismo, rela\u00e7\u00f5es civis-militares,\" \/>\n<meta property=\"og:url\" content=\"https:\/\/adf-magazine.com\/fr\/sur-adf\/\" \/>\n<meta property=\"og:site_name\" content=\"Africa Defense Forum\" \/>\n<meta property=\"article:publisher\" content=\"https:\/\/www.facebook.com\/ADFmagazine\/\" \/>\n<meta property=\"article:modified_time\" content=\"2025-05-08T14:22:21+00:00\" \/>\n<meta property=\"og:image\" content=\"https:\/\/adf-magazine.com\/wp-content\/uploads\/elementor\/thumbs\/ADFmagazines2-1-qygf4fctu5jb5nw5f70bsqpbg2q2f2wto83ofkp28s.png\" \/>\n<meta name=\"twitter:card\" content=\"summary_large_image\" \/>\n<meta name=\"twitter:site\" content=\"@ADFmagazine\" \/>\n<meta name=\"twitter:label1\" content=\"Tempo estimado de leitura\" \/>\n\t<meta name=\"twitter:data1\" content=\"2 minutos\" \/>\n<script type=\"application\/ld+json\" class=\"yoast-schema-graph\">{\"@context\":\"https:\\\/\\\/schema.org\",\"@graph\":[{\"@type\":\"WebPage\",\"@id\":\"https:\\\/\\\/adf-magazine.com\\\/fr\\\/sur-adf\\\/\",\"url\":\"https:\\\/\\\/adf-magazine.com\\\/fr\\\/sur-adf\\\/\",\"name\":\"Sobre ADF - Africa Defense Forum\",\"isPartOf\":{\"@id\":\"https:\\\/\\\/adf-magazine.com\\\/#website\"},\"primaryImageOfPage\":{\"@id\":\"https:\\\/\\\/adf-magazine.com\\\/fr\\\/sur-adf\\\/#primaryimage\"},\"image\":{\"@id\":\"https:\\\/\\\/adf-magazine.com\\\/fr\\\/sur-adf\\\/#primaryimage\"},\"thumbnailUrl\":\"https:\\\/\\\/adf-magazine.com\\\/wp-content\\\/uploads\\\/elementor\\\/thumbs\\\/ADFmagazines2-1-qygf4fctu5jb5nw5f70bsqpbg2q2f2wto83ofkp28s.png\",\"datePublished\":\"2020-09-09T17:35:18+00:00\",\"dateModified\":\"2025-05-08T14:22:21+00:00\",\"breadcrumb\":{\"@id\":\"https:\\\/\\\/adf-magazine.com\\\/fr\\\/sur-adf\\\/#breadcrumb\"},\"inLanguage\":\"pt-PT\",\"potentialAction\":[{\"@type\":\"ReadAction\",\"target\":[\"https:\\\/\\\/adf-magazine.com\\\/fr\\\/sur-adf\\\/\"]}]},{\"@type\":\"ImageObject\",\"inLanguage\":\"pt-PT\",\"@id\":\"https:\\\/\\\/adf-magazine.com\\\/fr\\\/sur-adf\\\/#primaryimage\",\"url\":\"https:\\\/\\\/adf-magazine.com\\\/wp-content\\\/uploads\\\/elementor\\\/thumbs\\\/ADFmagazines2-1-qygf4fctu5jb5nw5f70bsqpbg2q2f2wto83ofkp28s.png\",\"contentUrl\":\"https:\\\/\\\/adf-magazine.com\\\/wp-content\\\/uploads\\\/elementor\\\/thumbs\\\/ADFmagazines2-1-qygf4fctu5jb5nw5f70bsqpbg2q2f2wto83ofkp28s.png\"},{\"@type\":\"BreadcrumbList\",\"@id\":\"https:\\\/\\\/adf-magazine.com\\\/fr\\\/sur-adf\\\/#breadcrumb\",\"itemListElement\":[{\"@type\":\"ListItem\",\"position\":1,\"name\":\"Home\",\"item\":\"https:\\\/\\\/adf-magazine.com\\\/\"},{\"@type\":\"ListItem\",\"position\":2,\"name\":\"Sobre ADF\"}]},{\"@type\":\"WebSite\",\"@id\":\"https:\\\/\\\/adf-magazine.com\\\/#website\",\"url\":\"https:\\\/\\\/adf-magazine.com\\\/\",\"name\":\"Africa Defense Forum\",\"description\":\"Africa Defense Forum\",\"potentialAction\":[{\"@type\":\"SearchAction\",\"target\":{\"@type\":\"EntryPoint\",\"urlTemplate\":\"https:\\\/\\\/adf-magazine.com\\\/?s={search_term_string}\"},\"query-input\":{\"@type\":\"PropertyValueSpecification\",\"valueRequired\":true,\"valueName\":\"search_term_string\"}}],\"inLanguage\":\"pt-PT\"}]}<\/script>\n<!-- \/ Yoast SEO plugin. -->","yoast_head_json":{"title":"Sobre ADF - Africa Defense Forum","robots":{"index":"index","follow":"follow","max-snippet":"max-snippet:-1","max-image-preview":"max-image-preview:large","max-video-preview":"max-video-preview:-1"},"canonical":"https:\/\/adf-magazine.com\/fr\/sur-adf\/","og_locale":"pt_PT","og_type":"article","og_title":"Sobre ADF - Africa Defense Forum","og_description":"sobre ADF A revista Africa Defense Forum (ADF) \u00e9 publicada trimestralmente pelo Comando dos EUA para \u00c1frica para proporcionar um f\u00f3rum internacional para os profissionais de seguran\u00e7a africanos. A revista ADF abrange todos os 54 pa\u00edses do continente africano, com artigos sobre quest\u00f5es de seguran\u00e7a actuais, tais como estrat\u00e9gias de combate ao terrorismo, rela\u00e7\u00f5es civis-militares,","og_url":"https:\/\/adf-magazine.com\/fr\/sur-adf\/","og_site_name":"Africa Defense Forum","article_publisher":"https:\/\/www.facebook.com\/ADFmagazine\/","article_modified_time":"2025-05-08T14:22:21+00:00","og_image":[{"url":"https:\/\/adf-magazine.com\/wp-content\/uploads\/elementor\/thumbs\/ADFmagazines2-1-qygf4fctu5jb5nw5f70bsqpbg2q2f2wto83ofkp28s.png","type":"","width":"","height":""}],"twitter_card":"summary_large_image","twitter_site":"@ADFmagazine","twitter_misc":{"Tempo estimado de leitura":"2 minutos"},"schema":{"@context":"https:\/\/schema.org","@graph":[{"@type":"WebPage","@id":"https:\/\/adf-magazine.com\/fr\/sur-adf\/","url":"https:\/\/adf-magazine.com\/fr\/sur-adf\/","name":"Sobre ADF - Africa Defense Forum","isPartOf":{"@id":"https:\/\/adf-magazine.com\/#website"},"primaryImageOfPage":{"@id":"https:\/\/adf-magazine.com\/fr\/sur-adf\/#primaryimage"},"image":{"@id":"https:\/\/adf-magazine.com\/fr\/sur-adf\/#primaryimage"},"thumbnailUrl":"https:\/\/adf-magazine.com\/wp-content\/uploads\/elementor\/thumbs\/ADFmagazines2-1-qygf4fctu5jb5nw5f70bsqpbg2q2f2wto83ofkp28s.png","datePublished":"2020-09-09T17:35:18+00:00","dateModified":"2025-05-08T14:22:21+00:00","breadcrumb":{"@id":"https:\/\/adf-magazine.com\/fr\/sur-adf\/#breadcrumb"},"inLanguage":"pt-PT","potentialAction":[{"@type":"ReadAction","target":["https:\/\/adf-magazine.com\/fr\/sur-adf\/"]}]},{"@type":"ImageObject","inLanguage":"pt-PT","@id":"https:\/\/adf-magazine.com\/fr\/sur-adf\/#primaryimage","url":"https:\/\/adf-magazine.com\/wp-content\/uploads\/elementor\/thumbs\/ADFmagazines2-1-qygf4fctu5jb5nw5f70bsqpbg2q2f2wto83ofkp28s.png","contentUrl":"https:\/\/adf-magazine.com\/wp-content\/uploads\/elementor\/thumbs\/ADFmagazines2-1-qygf4fctu5jb5nw5f70bsqpbg2q2f2wto83ofkp28s.png"},{"@type":"BreadcrumbList","@id":"https:\/\/adf-magazine.com\/fr\/sur-adf\/#breadcrumb","itemListElement":[{"@type":"ListItem","position":1,"name":"Home","item":"https:\/\/adf-magazine.com\/"},{"@type":"ListItem","position":2,"name":"Sobre ADF"}]},{"@type":"WebSite","@id":"https:\/\/adf-magazine.com\/#website","url":"https:\/\/adf-magazine.com\/","name":"Africa Defense Forum","description":"Africa Defense Forum","potentialAction":[{"@type":"SearchAction","target":{"@type":"EntryPoint","urlTemplate":"https:\/\/adf-magazine.com\/?s={search_term_string}"},"query-input":{"@type":"PropertyValueSpecification","valueRequired":true,"valueName":"search_term_string"}}],"inLanguage":"pt-PT"}]}},"_links":{"self":[{"href":"https:\/\/adf-magazine.com\/pt-pt\/wp-json\/wp\/v2\/pages\/17584","targetHints":{"allow":["GET"]}}],"collection":[{"href":"https:\/\/adf-magazine.com\/pt-pt\/wp-json\/wp\/v2\/pages"}],"about":[{"href":"https:\/\/adf-magazine.com\/pt-pt\/wp-json\/wp\/v2\/types\/page"}],"author":[{"embeddable":true,"href":"https:\/\/adf-magazine.com\/pt-pt\/wp-json\/wp\/v2\/users\/1"}],"replies":[{"embeddable":true,"href":"https:\/\/adf-magazine.com\/pt-pt\/wp-json\/wp\/v2\/comments?post=17584"}],"version-history":[{"count":0,"href":"https:\/\/adf-magazine.com\/pt-pt\/wp-json\/wp\/v2\/pages\/17584\/revisions"}],"wp:attachment":[{"href":"https:\/\/adf-magazine.com\/pt-pt\/wp-json\/wp\/v2\/media?parent=17584"}],"curies":[{"name":"wp","href":"https:\/\/api.w.org\/{rel}","templated":true}]}}