{"id":106351,"date":"2023-05-30T12:08:09","date_gmt":"2023-05-30T16:08:09","guid":{"rendered":"https:\/\/adf-magazine.com\/?page_id=106351"},"modified":"2024-12-12T15:48:12","modified_gmt":"2024-12-12T20:48:12","slug":"ameacas-a-seguranca","status":"publish","type":"page","link":"https:\/\/adf-magazine.com\/pt-pt\/ameacas-a-seguranca\/","title":{"rendered":"Amea\u00e7as \u00e0 Seguran\u00e7a"},"content":{"rendered":"\t\t<div data-elementor-type=\"wp-page\" data-elementor-id=\"106351\" class=\"elementor elementor-106351 elementor-105219\">\n\t\t\t\t\t\t<section class=\"has-el-gap el-gap-default elementor-section elementor-top-section elementor-element elementor-element-3813fe2 elementor-section-full_width elementor-section-height-default elementor-section-height-default\" data-id=\"3813fe2\" data-element_type=\"section\" data-e-type=\"section\" data-settings=\"{&quot;background_background&quot;:&quot;classic&quot;}\">\n\t\t\t\t\t\t<div class=\"elementor-container elementor-column-gap-no\">\n\t\t\t\t\t<div class=\"elementor-column elementor-col-100 elementor-top-column elementor-element elementor-element-11e270a\" data-id=\"11e270a\" data-element_type=\"column\" data-e-type=\"column\">\n\t\t\t<div class=\"elementor-widget-wrap elementor-element-populated\">\n\t\t\t\t\t\t<div class=\"elementor-element elementor-element-d26bd38 elementor-widget elementor-widget-text-editor\" data-id=\"d26bd38\" data-element_type=\"widget\" data-e-type=\"widget\" data-widget_type=\"text-editor.default\">\n\t\t\t\t<div class=\"elementor-widget-container\">\n\t\t\t\t\t\t\t\t\t<h1><span style=\"color: #ffffff;\">Amea\u00e7as \u00c0 Seguran\u00e7a<\/span><\/h1>\t\t\t\t\t\t\t\t<\/div>\n\t\t\t\t<\/div>\n\t\t\t\t\t<\/div>\n\t\t<\/div>\n\t\t\t\t\t<\/div>\n\t\t<\/section>\n\t\t\t\t<section class=\"has-el-gap el-gap-default elementor-section elementor-top-section elementor-element elementor-element-35e67b2 elementor-section-boxed elementor-section-height-default elementor-section-height-default\" data-id=\"35e67b2\" data-element_type=\"section\" data-e-type=\"section\">\n\t\t\t\t\t\t<div class=\"elementor-container elementor-column-gap-no\">\n\t\t\t\t\t<div class=\"elementor-column elementor-col-100 elementor-top-column elementor-element elementor-element-4d1b1e5\" data-id=\"4d1b1e5\" data-element_type=\"column\" data-e-type=\"column\">\n\t\t\t<div class=\"elementor-widget-wrap elementor-element-populated\">\n\t\t\t\t\t\t<div class=\"elementor-element elementor-element-2489451 elementor-widget elementor-widget-wp-widget-text\" data-id=\"2489451\" data-element_type=\"widget\" data-e-type=\"widget\" data-widget_type=\"wp-widget-text.default\">\n\t\t\t\t<div class=\"elementor-widget-container\">\n\t\t\t\t\t<div class=\"widget widget_text\">\t\t\t<div class=\"textwidget\"><h4>A Africa Defense Forum fornece uma grande variedade de not\u00edcias e informa\u00e7\u00f5es para ajudar os profissionais de seguran\u00e7a do continente. Para ajudar os leitores a seguir assuntos de interesse, organiz\u00e1mos o nosso conte\u00fado nas seguintes sec\u00e7\u00f5es. Clique num dos t\u00f3picos abaixo para saber mais:<\/h4>\n<\/div>\n\t\t<\/div>\t\t\t\t<\/div>\n\t\t\t\t<\/div>\n\t\t\t\t<div class=\"elementor-element elementor-element-fb837e1 elementor-widget-divider--view-line elementor-widget elementor-widget-divider\" data-id=\"fb837e1\" data-element_type=\"widget\" data-e-type=\"widget\" data-widget_type=\"divider.default\">\n\t\t\t\t<div class=\"elementor-widget-container\">\n\t\t\t\t\t\t\t<div class=\"elementor-divider\">\n\t\t\t<span class=\"elementor-divider-separator\">\n\t\t\t\t\t\t<\/span>\n\t\t<\/div>\n\t\t\t\t\t\t<\/div>\n\t\t\t\t<\/div>\n\t\t\t\t\t<\/div>\n\t\t<\/div>\n\t\t\t\t\t<\/div>\n\t\t<\/section>\n\t\t\t\t<section class=\"has-el-gap el-gap-default elementor-section elementor-top-section elementor-element elementor-element-7cb30dc elementor-section-boxed elementor-section-height-default elementor-section-height-default\" data-id=\"7cb30dc\" data-element_type=\"section\" data-e-type=\"section\">\n\t\t\t\t\t\t<div class=\"elementor-container elementor-column-gap-no\">\n\t\t\t\t\t<div class=\"elementor-column elementor-col-33 elementor-top-column elementor-element elementor-element-338e527\" data-id=\"338e527\" data-element_type=\"column\" data-e-type=\"column\">\n\t\t\t<div class=\"elementor-widget-wrap elementor-element-populated\">\n\t\t\t\t\t\t<div class=\"elementor-element elementor-element-340a6bc post-content elementor-widget elementor-widget-text-editor\" data-id=\"340a6bc\" data-element_type=\"widget\" data-e-type=\"widget\" data-widget_type=\"text-editor.default\">\n\t\t\t\t<div class=\"elementor-widget-container\">\n\t\t\t\t\t\t\t\t\t<h4><strong>Guerra Assim\u00e9trica<\/strong><\/h4><ul><li><p><a href=\"https:\/\/adf-magazine.com\/pt-pt\/tag\/desinformacao\/\">Desinforma\u00e7\u00e3o<\/a><\/p><\/li><li><a href=\"https:\/\/adf-magazine.com\/pt-pt\/tag\/propaganda-pt-pt\/\">Propaganda<\/a><\/li><\/ul><h4><a href=\"https:\/\/adf-magazine.com\/pt-pt\/tag\/seguranca-fronteirica\/\"><strong>Seguran\u00e7a Fronteiri\u00e7a<\/strong><\/a><\/h4><h4><a href=\"https:\/\/adf-magazine.com\/pt-pt\/tag\/guerra-civil-pt-pt\/\"><strong>Guerra Civil<\/strong><\/a><\/h4><h4><strong>Combate ao Terrorismo<\/strong><\/h4><ul><li><a href=\"https:\/\/adf-magazine.com\/pt-pt\/tag\/al-qaeda-pt-pt\/\">Al-Qaeda<\/a><\/li><li><a href=\"https:\/\/adf-magazine.com\/pt-pt\/tag\/al-shabaab-pt-pt\/\">Al-Shabaab<\/a><\/li><li><a href=\"https:\/\/adf-magazine.com\/pt-pt\/tag\/boko-haram-pt-pt\/\">Boko Haram<\/a><\/li><li><a href=\"https:\/\/adf-magazine.com\/pt-pt\/tag\/estado-islamico\/\">Estado Isl\u00e2mico<\/a><\/li><li><a href=\"https:\/\/adf-magazine.com\/pt-pt\/tag\/iswap-pt-pt\/\">ISWAP<\/a><\/li><li><a href=\"https:\/\/adf-magazine.com\/pt-pt\/tag\/aswj-pt-pt\/\">ASWJ<\/a><\/li><li><a href=\"https:\/\/adf-magazine.com\/pt-pt\/tag\/recrutamento-de-terroristas\/\">Recrutamento de Terroristas<\/a><\/li><li><a href=\"https:\/\/adf-magazine.com\/pt-pt\/tag\/financiamento-ao-terrorismo\/\">Financiamento ao Terrorismo<\/a><\/li><\/ul>\t\t\t\t\t\t\t\t<\/div>\n\t\t\t\t<\/div>\n\t\t\t\t\t<\/div>\n\t\t<\/div>\n\t\t\t\t<div class=\"elementor-column elementor-col-33 elementor-top-column elementor-element elementor-element-6c46d1c el-col-sep\" data-id=\"6c46d1c\" data-element_type=\"column\" data-e-type=\"column\">\n\t\t\t<div class=\"elementor-widget-wrap elementor-element-populated\">\n\t\t\t\t\t\t<div class=\"elementor-element elementor-element-a98bb17 post-content elementor-widget elementor-widget-text-editor\" data-id=\"a98bb17\" data-element_type=\"widget\" data-e-type=\"widget\" data-widget_type=\"text-editor.default\">\n\t\t\t\t<div class=\"elementor-widget-container\">\n\t\t\t\t\t\t\t\t\t<h4><a href=\"https:\/\/adf-magazine.com\/pt-pt\/tag\/ciberseguranca\/\"><strong>Ciberseguran\u00e7a<\/strong><\/a><\/h4><h4><strong>Tr\u00e1fico Ilegal<\/strong><\/h4><ul><li><p><a href=\"https:\/\/adf-magazine.com\/pt-pt\/tag\/trafico-de-armas-pt-pt\/\">Armas Ligeiras de Pequeno Calibre (ALPC)<\/a><\/p><\/li><li><p><a href=\"https:\/\/adf-magazine.com\/pt-pt\/tag\/trafico-de-drogas\/\">Drogas<\/a><\/p><\/li><li><p><a href=\"https:\/\/adf-magazine.com\/pt-pt\/tag\/trafico-de-seres-humanos\/\">Seres Humanos<\/a><\/p><\/li><li><p><a href=\"https:\/\/adf-magazine.com\/pt-pt\/tag\/exploracao-ilegal-de-madeira\/\">Explora\u00e7\u00e3o de Madeira<\/a><\/p><\/li><li><a href=\"https:\/\/adf-magazine.com\/pt-pt\/tag\/trafico-de-animais-selvagens\/\">Ca\u00e7a Furtiva<\/a><\/li><\/ul><h4><strong>Direito da Guerra<\/strong><\/h4><ul><li><a href=\"https:\/\/adf-magazine.com\/pt-pt\/tag\/crimes-de-guerra\/\">Crimes de Guerra<\/a><\/li><li><a href=\"https:\/\/adf-magazine.com\/pt-pt\/tag\/genocidio\/\">Genoc\u00eddio<\/a><\/li><li><p><a href=\"https:\/\/adf-magazine.com\/pt-pt\/tag\/criancas\/\">Crian\u00e7as-soldados<\/a><\/p><\/li><\/ul><h4><strong>Seguran\u00e7a Mar\u00edtima<\/strong><\/h4><ul><li><a href=\"https:\/\/adf-magazine.com\/pt-pt\/tag\/pesca-ilegal\/\">INN<\/a>\u00a0<\/li><li><p><a href=\"https:\/\/adf-magazine.com\/pt-pt\/tag\/pirataria\/\">Pirataria<\/a><\/p><\/li><li><a href=\"https:\/\/adf-magazine.com\/pt-pt\/tag\/sequestro\/\">Sequestro<\/a><\/li><\/ul><h4><strong>Conflito de Recursos Naturais<\/strong><\/h4><ul><li><p><a href=\"https:\/\/adf-magazine.com\/pt-pt\/tag\/seguranca-alimentar\/\">Seguran\u00e7a Alimentar<\/a><\/p><\/li><li><p><a href=\"https:\/\/adf-magazine.com\/pt-pt\/tag\/mineracao\/\">Minerais<\/a><\/p><\/li><\/ul>\t\t\t\t\t\t\t\t<\/div>\n\t\t\t\t<\/div>\n\t\t\t\t\t<\/div>\n\t\t<\/div>\n\t\t\t\t<div class=\"elementor-column elementor-col-33 elementor-top-column elementor-element elementor-element-b9454e3 el-col-sep\" data-id=\"b9454e3\" data-element_type=\"column\" data-e-type=\"column\">\n\t\t\t<div class=\"elementor-widget-wrap elementor-element-populated\">\n\t\t\t\t\t\t<div class=\"elementor-element elementor-element-18507f2 post-content elementor-widget elementor-widget-text-editor\" data-id=\"18507f2\" data-element_type=\"widget\" data-e-type=\"widget\" data-widget_type=\"text-editor.default\">\n\t\t\t\t<div class=\"elementor-widget-container\">\n\t\t\t\t\t\t\t\t\t<h4><strong>Pandemias<\/strong><\/h4><ul><li><a href=\"https:\/\/adf-magazine.com\/pt-pt\/tag\/covid-19-pt-pt\/\">COVID<\/a><\/li><li><p><a href=\"https:\/\/adf-magazine.com\/pt-pt\/tag\/ebola-pt-pt\/\">\u00c9bola<\/a><\/p><\/li><\/ul><h4><strong>Manuten\u00e7\u00e3o de Paz<\/strong><\/h4><ul><li><a href=\"https:\/\/adf-magazine.com\/pt-pt\/tag\/atmis-pt-pt\/\">ATMIS<\/a><\/li><li><p><a href=\"https:\/\/adf-magazine.com\/pt-pt\/tag\/minusca-pt-pt\/\">MINUSCA<\/a><\/p><\/li><li><p><a href=\"https:\/\/adf-magazine.com\/pt-pt\/tag\/minusma-pt-pt\/\">MINUSMA<\/a><\/p><\/li><li><p><a href=\"https:\/\/adf-magazine.com\/pt-pt\/tag\/monusco-pt-pt\/\">MONUSCO<\/a><\/p><\/li><li><p><a href=\"https:\/\/adf-magazine.com\/pt-pt\/tag\/unmiss-pt-pt\/\">UNMISS<\/a><\/p><\/li><li><a href=\"https:\/\/adf-magazine.com\/pt-pt\/tag\/unamid-pt-pt\/\">UNAMID<\/a><\/li><li><a href=\"https:\/\/adf-magazine.com\/pt-pt\/tag\/unisfa-pt-pt\/\">UNISFA<\/a><\/li><\/ul><h4><strong>Profissionalismo<\/strong><\/h4><ul><li><p><a href=\"https:\/\/adf-magazine.com\/pt-pt\/tag\/mulheres\/\">Mulheres, Paz e Seguran\u00e7a (MPS)<\/a><\/p><\/li><li><a href=\"https:\/\/adf-magazine.com\/pt-pt\/tag\/rss-pt-pt\/\">Reforma do Sector de Seguran\u00e7a (RSS)<\/a><\/li><li><a href=\"https:\/\/adf-magazine.com\/pt-pt\/tag\/exercicio-de-treino\/\">Exerc\u00edcio de Treino<\/a><\/li><li><p><a href=\"https:\/\/adf-magazine.com\/pt-pt\/tag\/calamidade-natural\/\">Gest\u00e3o de Desastres<\/a><\/p><\/li><li><a href=\"https:\/\/adf-magazine.com\/tag\/women\/\">Women, Peace &amp; Security (WPS)<\/a><\/li><\/ul>\t\t\t\t\t\t\t\t<\/div>\n\t\t\t\t<\/div>\n\t\t\t\t\t<\/div>\n\t\t<\/div>\n\t\t\t\t\t<\/div>\n\t\t<\/section>\n\t\t\t\t<\/div>\n\t\t","protected":false},"excerpt":{"rendered":"<p>Amea\u00e7as \u00c0 Seguran\u00e7a Guerra Assim\u00e9trica Desinforma\u00e7\u00e3o Propaganda Seguran\u00e7a Fronteiri\u00e7a Guerra Civil Combate ao Terrorismo Al-Qaeda Al-Shabaab Boko Haram Estado Isl\u00e2mico ISWAP ASWJ Recrutamento de Terroristas Financiamento ao Terrorismo Ciberseguran\u00e7a Tr\u00e1fico Ilegal Armas Ligeiras de Pequeno Calibre (ALPC) Drogas Seres Humanos Explora\u00e7\u00e3o de Madeira Ca\u00e7a Furtiva Direito da Guerra Crimes de Guerra Genoc\u00eddio Crian\u00e7as-soldados Seguran\u00e7a Mar\u00edtima<\/p>\n","protected":false},"author":1,"featured_media":0,"parent":0,"menu_order":0,"comment_status":"closed","ping_status":"closed","template":"elementor_header_footer","meta":{"_acf_changed":false,"_monsterinsights_skip_tracking":false,"_monsterinsights_sitenote_active":false,"_monsterinsights_sitenote_note":"","_monsterinsights_sitenote_category":0,"_uf_show_specific_survey":0,"_uf_disable_surveys":false,"footnotes":""},"class_list":["post-106351","page","type-page","status-publish"],"acf":[],"yoast_head":"<!-- This site is optimized with the Yoast SEO plugin v27.4 - https:\/\/yoast.com\/product\/yoast-seo-wordpress\/ -->\n<title>Amea\u00e7as \u00e0 Seguran\u00e7a - Africa Defense Forum<\/title>\n<meta name=\"robots\" content=\"index, follow, max-snippet:-1, max-image-preview:large, max-video-preview:-1\" \/>\n<link rel=\"canonical\" href=\"https:\/\/adf-magazine.com\/security-threats\/\" \/>\n<meta property=\"og:locale\" content=\"pt_PT\" \/>\n<meta property=\"og:type\" content=\"article\" \/>\n<meta property=\"og:title\" content=\"Amea\u00e7as \u00e0 Seguran\u00e7a - Africa Defense Forum\" \/>\n<meta property=\"og:description\" content=\"Amea\u00e7as \u00c0 Seguran\u00e7a Guerra Assim\u00e9trica Desinforma\u00e7\u00e3o Propaganda Seguran\u00e7a Fronteiri\u00e7a Guerra Civil Combate ao Terrorismo Al-Qaeda Al-Shabaab Boko Haram Estado Isl\u00e2mico ISWAP ASWJ Recrutamento de Terroristas Financiamento ao Terrorismo Ciberseguran\u00e7a Tr\u00e1fico Ilegal Armas Ligeiras de Pequeno Calibre (ALPC) Drogas Seres Humanos Explora\u00e7\u00e3o de Madeira Ca\u00e7a Furtiva Direito da Guerra Crimes de Guerra Genoc\u00eddio Crian\u00e7as-soldados Seguran\u00e7a Mar\u00edtima\" \/>\n<meta property=\"og:url\" content=\"https:\/\/adf-magazine.com\/security-threats\/\" \/>\n<meta property=\"og:site_name\" content=\"Africa Defense Forum\" \/>\n<meta property=\"article:publisher\" content=\"https:\/\/www.facebook.com\/ADFmagazine\/\" \/>\n<meta property=\"article:modified_time\" content=\"2024-12-12T20:48:12+00:00\" \/>\n<meta name=\"twitter:card\" content=\"summary_large_image\" \/>\n<meta name=\"twitter:site\" content=\"@ADFmagazine\" \/>\n<script type=\"application\/ld+json\" class=\"yoast-schema-graph\">{\"@context\":\"https:\\\/\\\/schema.org\",\"@graph\":[{\"@type\":\"WebPage\",\"@id\":\"https:\\\/\\\/adf-magazine.com\\\/security-threats\\\/\",\"url\":\"https:\\\/\\\/adf-magazine.com\\\/security-threats\\\/\",\"name\":\"Amea\u00e7as \u00e0 Seguran\u00e7a - Africa Defense Forum\",\"isPartOf\":{\"@id\":\"https:\\\/\\\/adf-magazine.com\\\/#website\"},\"datePublished\":\"2023-05-30T16:08:09+00:00\",\"dateModified\":\"2024-12-12T20:48:12+00:00\",\"breadcrumb\":{\"@id\":\"https:\\\/\\\/adf-magazine.com\\\/security-threats\\\/#breadcrumb\"},\"inLanguage\":\"pt-PT\",\"potentialAction\":[{\"@type\":\"ReadAction\",\"target\":[\"https:\\\/\\\/adf-magazine.com\\\/security-threats\\\/\"]}]},{\"@type\":\"BreadcrumbList\",\"@id\":\"https:\\\/\\\/adf-magazine.com\\\/security-threats\\\/#breadcrumb\",\"itemListElement\":[{\"@type\":\"ListItem\",\"position\":1,\"name\":\"Home\",\"item\":\"https:\\\/\\\/adf-magazine.com\\\/\"},{\"@type\":\"ListItem\",\"position\":2,\"name\":\"Amea\u00e7as \u00e0 Seguran\u00e7a\"}]},{\"@type\":\"WebSite\",\"@id\":\"https:\\\/\\\/adf-magazine.com\\\/#website\",\"url\":\"https:\\\/\\\/adf-magazine.com\\\/\",\"name\":\"Africa Defense Forum\",\"description\":\"Africa Defense Forum\",\"potentialAction\":[{\"@type\":\"SearchAction\",\"target\":{\"@type\":\"EntryPoint\",\"urlTemplate\":\"https:\\\/\\\/adf-magazine.com\\\/?s={search_term_string}\"},\"query-input\":{\"@type\":\"PropertyValueSpecification\",\"valueRequired\":true,\"valueName\":\"search_term_string\"}}],\"inLanguage\":\"pt-PT\"}]}<\/script>\n<!-- \/ Yoast SEO plugin. -->","yoast_head_json":{"title":"Amea\u00e7as \u00e0 Seguran\u00e7a - Africa Defense Forum","robots":{"index":"index","follow":"follow","max-snippet":"max-snippet:-1","max-image-preview":"max-image-preview:large","max-video-preview":"max-video-preview:-1"},"canonical":"https:\/\/adf-magazine.com\/security-threats\/","og_locale":"pt_PT","og_type":"article","og_title":"Amea\u00e7as \u00e0 Seguran\u00e7a - Africa Defense Forum","og_description":"Amea\u00e7as \u00c0 Seguran\u00e7a Guerra Assim\u00e9trica Desinforma\u00e7\u00e3o Propaganda Seguran\u00e7a Fronteiri\u00e7a Guerra Civil Combate ao Terrorismo Al-Qaeda Al-Shabaab Boko Haram Estado Isl\u00e2mico ISWAP ASWJ Recrutamento de Terroristas Financiamento ao Terrorismo Ciberseguran\u00e7a Tr\u00e1fico Ilegal Armas Ligeiras de Pequeno Calibre (ALPC) Drogas Seres Humanos Explora\u00e7\u00e3o de Madeira Ca\u00e7a Furtiva Direito da Guerra Crimes de Guerra Genoc\u00eddio Crian\u00e7as-soldados Seguran\u00e7a Mar\u00edtima","og_url":"https:\/\/adf-magazine.com\/security-threats\/","og_site_name":"Africa Defense Forum","article_publisher":"https:\/\/www.facebook.com\/ADFmagazine\/","article_modified_time":"2024-12-12T20:48:12+00:00","twitter_card":"summary_large_image","twitter_site":"@ADFmagazine","schema":{"@context":"https:\/\/schema.org","@graph":[{"@type":"WebPage","@id":"https:\/\/adf-magazine.com\/security-threats\/","url":"https:\/\/adf-magazine.com\/security-threats\/","name":"Amea\u00e7as \u00e0 Seguran\u00e7a - Africa Defense Forum","isPartOf":{"@id":"https:\/\/adf-magazine.com\/#website"},"datePublished":"2023-05-30T16:08:09+00:00","dateModified":"2024-12-12T20:48:12+00:00","breadcrumb":{"@id":"https:\/\/adf-magazine.com\/security-threats\/#breadcrumb"},"inLanguage":"pt-PT","potentialAction":[{"@type":"ReadAction","target":["https:\/\/adf-magazine.com\/security-threats\/"]}]},{"@type":"BreadcrumbList","@id":"https:\/\/adf-magazine.com\/security-threats\/#breadcrumb","itemListElement":[{"@type":"ListItem","position":1,"name":"Home","item":"https:\/\/adf-magazine.com\/"},{"@type":"ListItem","position":2,"name":"Amea\u00e7as \u00e0 Seguran\u00e7a"}]},{"@type":"WebSite","@id":"https:\/\/adf-magazine.com\/#website","url":"https:\/\/adf-magazine.com\/","name":"Africa Defense Forum","description":"Africa Defense Forum","potentialAction":[{"@type":"SearchAction","target":{"@type":"EntryPoint","urlTemplate":"https:\/\/adf-magazine.com\/?s={search_term_string}"},"query-input":{"@type":"PropertyValueSpecification","valueRequired":true,"valueName":"search_term_string"}}],"inLanguage":"pt-PT"}]}},"_links":{"self":[{"href":"https:\/\/adf-magazine.com\/pt-pt\/wp-json\/wp\/v2\/pages\/106351","targetHints":{"allow":["GET"]}}],"collection":[{"href":"https:\/\/adf-magazine.com\/pt-pt\/wp-json\/wp\/v2\/pages"}],"about":[{"href":"https:\/\/adf-magazine.com\/pt-pt\/wp-json\/wp\/v2\/types\/page"}],"author":[{"embeddable":true,"href":"https:\/\/adf-magazine.com\/pt-pt\/wp-json\/wp\/v2\/users\/1"}],"replies":[{"embeddable":true,"href":"https:\/\/adf-magazine.com\/pt-pt\/wp-json\/wp\/v2\/comments?post=106351"}],"version-history":[{"count":0,"href":"https:\/\/adf-magazine.com\/pt-pt\/wp-json\/wp\/v2\/pages\/106351\/revisions"}],"wp:attachment":[{"href":"https:\/\/adf-magazine.com\/pt-pt\/wp-json\/wp\/v2\/media?parent=106351"}],"curies":[{"name":"wp","href":"https:\/\/api.w.org\/{rel}","templated":true}]}}