{"id":1844,"date":"2014-09-05T19:31:05","date_gmt":"2014-09-05T19:31:05","guid":{"rendered":"https:\/\/adf-magazine.com\/?page_id=1844"},"modified":"2024-04-26T10:44:13","modified_gmt":"2024-04-26T14:44:13","slug":"pour-nous-contacter","status":"publish","type":"page","link":"https:\/\/adf-magazine.com\/fr\/pour-nous-contacter\/","title":{"rendered":"Pour Nous Contacter"},"content":{"rendered":"<p>Nous aimerions vivement communiquer avec les ressortissants de nos pays africains partenaires qui comprennent les int\u00e9r\u00eats et les d\u00e9fis mis en jeu sur le continent. Pour partager vos pens\u00e9es sur quoi que ce soit que vous ayez lu dans le magazine ADF ou en ligne, veuillez remplir le formulaire de contact ci-dessous.<\/p>\n\n<div class=\"wpcf7 no-js\" id=\"wpcf7-f1843-o1\" lang=\"fr-FR\" dir=\"ltr\" data-wpcf7-id=\"1843\">\n<div class=\"screen-reader-response\"><p role=\"status\" aria-live=\"polite\" aria-atomic=\"true\"><\/p> <ul><\/ul><\/div>\n<form action=\"\/fr\/wp-json\/wp\/v2\/pages\/1844#wpcf7-f1843-o1\" method=\"post\" class=\"wpcf7-form init\" aria-label=\"Formulaire de contact\" novalidate=\"novalidate\" data-status=\"init\">\n<fieldset class=\"hidden-fields-container\"><input type=\"hidden\" name=\"_wpcf7\" value=\"1843\" \/><input type=\"hidden\" name=\"_wpcf7_version\" value=\"6.1.5\" \/><input type=\"hidden\" name=\"_wpcf7_locale\" value=\"fr_FR\" \/><input type=\"hidden\" name=\"_wpcf7_unit_tag\" value=\"wpcf7-f1843-o1\" \/><input type=\"hidden\" name=\"_wpcf7_container_post\" value=\"0\" \/><input type=\"hidden\" name=\"_wpcf7_posted_data_hash\" value=\"\" \/><input type=\"hidden\" name=\"_wpcf7_recaptcha_response\" value=\"\" \/>\n<\/fieldset>\n<p><b>Oui, je souhaite rejoindre d\u2019autres professionnels de la s\u00e9curit\u00e9 qui re\u00e7oivent les annonces du magazine ADF par e-mail.<\/b><span class=\"wpcf7-form-control-wrap\" data-name=\"your-country\"><span class=\"wpcf7-form-control wpcf7-checkbox\"><span class=\"wpcf7-list-item first last\"><label><input type=\"checkbox\" name=\"your-country[]\" value=\"Oui\" \/><span class=\"wpcf7-list-item-label\">Oui<\/span><\/label><\/span><\/span><\/span><span class=\"wpcf7-form-control-wrap\" data-name=\"checkbox-685\"><span class=\"wpcf7-form-control wpcf7-checkbox\"><\/span><\/span>\n<\/p>\n<p>Votre nom (obligatoire)\n<\/p>\n<p><span class=\"wpcf7-form-control-wrap\" data-name=\"your-name\"><input size=\"40\" maxlength=\"400\" class=\"wpcf7-form-control wpcf7-text wpcf7-validates-as-required\" aria-required=\"true\" aria-invalid=\"false\" value=\"\" type=\"text\" name=\"your-name\" \/><\/span>\n<\/p>\n<p>Votre email (obligatoire)\n<\/p>\n<p><span class=\"wpcf7-form-control-wrap\" data-name=\"your-email\"><input size=\"40\" maxlength=\"400\" class=\"wpcf7-form-control wpcf7-email wpcf7-validates-as-required wpcf7-text wpcf7-validates-as-email\" aria-required=\"true\" aria-invalid=\"false\" value=\"\" type=\"email\" name=\"your-email\" \/><\/span>\n<\/p>\n<p>Sujet\n<\/p>\n<p><span class=\"wpcf7-form-control-wrap\" data-name=\"your-subject\"><input size=\"40\" maxlength=\"400\" class=\"wpcf7-form-control wpcf7-text\" aria-invalid=\"false\" value=\"\" type=\"text\" name=\"your-subject\" \/><\/span>\n<\/p>\n<p><label> Votre message<br \/>\n<span class=\"wpcf7-form-control-wrap\" data-name=\"your-message\"><textarea cols=\"40\" rows=\"10\" maxlength=\"2000\" class=\"wpcf7-form-control wpcf7-textarea\" aria-invalid=\"false\" name=\"your-message\"><\/textarea><\/span> <\/label>\n<\/p>\n<p><input class=\"wpcf7-form-control wpcf7-submit has-spinner\" type=\"submit\" value=\"Envoyer\" \/>\n<\/p><div class=\"wpcf7-response-output\" aria-hidden=\"true\"><\/div>\n<\/form>\n<\/div>\n\n<p>Pour vous abonner, veuillez <a href=\"https:\/\/adf-magazine.com\/fr\/abonnement\/\"><strong>cliquer ici<\/strong><\/a><\/p>\n<p>Pour contribuer, veuillez <a href=\"https:\/\/adf-magazine.com\/fr\/contribuer\/\"><strong>cliquer ici<\/strong><\/a><\/p>\n","protected":false},"excerpt":{"rendered":"<p>Nous aimerions vivement communiquer avec les ressortissants de nos pays africains partenaires qui comprennent les int\u00e9r\u00eats et les d\u00e9fis mis en jeu sur le continent. Pour partager vos pens\u00e9es sur quoi que ce soit que vous ayez lu dans le magazine ADF ou en ligne, veuillez remplir le formulaire de contact ci-dessous. Pour vous abonner,<\/p>\n","protected":false},"author":1,"featured_media":0,"parent":0,"menu_order":0,"comment_status":"closed","ping_status":"closed","template":"page-templates\/blocks.php","meta":{"_acf_changed":false,"_monsterinsights_skip_tracking":false,"_monsterinsights_sitenote_active":false,"_monsterinsights_sitenote_note":"","_monsterinsights_sitenote_category":0,"_uf_show_specific_survey":0,"_uf_disable_surveys":false,"footnotes":""},"class_list":["post-1844","page","type-page","status-publish"],"acf":[],"yoast_head":"<!-- This site is optimized with the Yoast SEO plugin v27.5 - https:\/\/yoast.com\/product\/yoast-seo-wordpress\/ -->\n<title>Pour Nous Contacter - Africa Defense Forum<\/title>\n<meta name=\"robots\" content=\"index, follow, max-snippet:-1, max-image-preview:large, max-video-preview:-1\" \/>\n<link rel=\"canonical\" href=\"https:\/\/adf-magazine.com\/contact\/\" \/>\n<meta property=\"og:locale\" content=\"fr_FR\" \/>\n<meta property=\"og:type\" content=\"article\" \/>\n<meta property=\"og:title\" content=\"Pour Nous Contacter - Africa Defense Forum\" \/>\n<meta property=\"og:description\" content=\"Nous aimerions vivement communiquer avec les ressortissants de nos pays africains partenaires qui comprennent les int\u00e9r\u00eats et les d\u00e9fis mis en jeu sur le continent. Pour partager vos pens\u00e9es sur quoi que ce soit que vous ayez lu dans le magazine ADF ou en ligne, veuillez remplir le formulaire de contact ci-dessous. Pour vous abonner,\" \/>\n<meta property=\"og:url\" content=\"https:\/\/adf-magazine.com\/contact\/\" \/>\n<meta property=\"og:site_name\" content=\"Africa Defense Forum\" \/>\n<meta property=\"article:publisher\" content=\"https:\/\/www.facebook.com\/ADFmagazine\/\" \/>\n<meta property=\"article:modified_time\" content=\"2024-04-26T14:44:13+00:00\" \/>\n<meta name=\"twitter:card\" content=\"summary_large_image\" \/>\n<meta name=\"twitter:site\" content=\"@ADFmagazine\" \/>\n<script type=\"application\/ld+json\" class=\"yoast-schema-graph\">{\"@context\":\"https:\\\/\\\/schema.org\",\"@graph\":[{\"@type\":\"WebPage\",\"@id\":\"https:\\\/\\\/adf-magazine.com\\\/contact\\\/\",\"url\":\"https:\\\/\\\/adf-magazine.com\\\/contact\\\/\",\"name\":\"Pour Nous Contacter - Africa Defense Forum\",\"isPartOf\":{\"@id\":\"https:\\\/\\\/adf-magazine.com\\\/#website\"},\"datePublished\":\"2014-09-05T19:31:05+00:00\",\"dateModified\":\"2024-04-26T14:44:13+00:00\",\"breadcrumb\":{\"@id\":\"https:\\\/\\\/adf-magazine.com\\\/contact\\\/#breadcrumb\"},\"inLanguage\":\"fr-FR\",\"potentialAction\":[{\"@type\":\"ReadAction\",\"target\":[\"https:\\\/\\\/adf-magazine.com\\\/contact\\\/\"]}]},{\"@type\":\"BreadcrumbList\",\"@id\":\"https:\\\/\\\/adf-magazine.com\\\/contact\\\/#breadcrumb\",\"itemListElement\":[{\"@type\":\"ListItem\",\"position\":1,\"name\":\"page d\u2019accueil\",\"item\":\"https:\\\/\\\/adf-magazine.com\\\/\"},{\"@type\":\"ListItem\",\"position\":2,\"name\":\"Pour Nous Contacter\"}]},{\"@type\":\"WebSite\",\"@id\":\"https:\\\/\\\/adf-magazine.com\\\/#website\",\"url\":\"https:\\\/\\\/adf-magazine.com\\\/\",\"name\":\"Africa Defense Forum\",\"description\":\"Africa Defense Forum\",\"potentialAction\":[{\"@type\":\"SearchAction\",\"target\":{\"@type\":\"EntryPoint\",\"urlTemplate\":\"https:\\\/\\\/adf-magazine.com\\\/?s={search_term_string}\"},\"query-input\":{\"@type\":\"PropertyValueSpecification\",\"valueRequired\":true,\"valueName\":\"search_term_string\"}}],\"inLanguage\":\"fr-FR\"}]}<\/script>\n<!-- \/ Yoast SEO plugin. -->","yoast_head_json":{"title":"Pour Nous Contacter - Africa Defense Forum","robots":{"index":"index","follow":"follow","max-snippet":"max-snippet:-1","max-image-preview":"max-image-preview:large","max-video-preview":"max-video-preview:-1"},"canonical":"https:\/\/adf-magazine.com\/contact\/","og_locale":"fr_FR","og_type":"article","og_title":"Pour Nous Contacter - Africa Defense Forum","og_description":"Nous aimerions vivement communiquer avec les ressortissants de nos pays africains partenaires qui comprennent les int\u00e9r\u00eats et les d\u00e9fis mis en jeu sur le continent. Pour partager vos pens\u00e9es sur quoi que ce soit que vous ayez lu dans le magazine ADF ou en ligne, veuillez remplir le formulaire de contact ci-dessous. Pour vous abonner,","og_url":"https:\/\/adf-magazine.com\/contact\/","og_site_name":"Africa Defense Forum","article_publisher":"https:\/\/www.facebook.com\/ADFmagazine\/","article_modified_time":"2024-04-26T14:44:13+00:00","twitter_card":"summary_large_image","twitter_site":"@ADFmagazine","schema":{"@context":"https:\/\/schema.org","@graph":[{"@type":"WebPage","@id":"https:\/\/adf-magazine.com\/contact\/","url":"https:\/\/adf-magazine.com\/contact\/","name":"Pour Nous Contacter - Africa Defense Forum","isPartOf":{"@id":"https:\/\/adf-magazine.com\/#website"},"datePublished":"2014-09-05T19:31:05+00:00","dateModified":"2024-04-26T14:44:13+00:00","breadcrumb":{"@id":"https:\/\/adf-magazine.com\/contact\/#breadcrumb"},"inLanguage":"fr-FR","potentialAction":[{"@type":"ReadAction","target":["https:\/\/adf-magazine.com\/contact\/"]}]},{"@type":"BreadcrumbList","@id":"https:\/\/adf-magazine.com\/contact\/#breadcrumb","itemListElement":[{"@type":"ListItem","position":1,"name":"page d\u2019accueil","item":"https:\/\/adf-magazine.com\/"},{"@type":"ListItem","position":2,"name":"Pour Nous Contacter"}]},{"@type":"WebSite","@id":"https:\/\/adf-magazine.com\/#website","url":"https:\/\/adf-magazine.com\/","name":"Africa Defense Forum","description":"Africa Defense Forum","potentialAction":[{"@type":"SearchAction","target":{"@type":"EntryPoint","urlTemplate":"https:\/\/adf-magazine.com\/?s={search_term_string}"},"query-input":{"@type":"PropertyValueSpecification","valueRequired":true,"valueName":"search_term_string"}}],"inLanguage":"fr-FR"}]}},"_links":{"self":[{"href":"https:\/\/adf-magazine.com\/fr\/wp-json\/wp\/v2\/pages\/1844","targetHints":{"allow":["GET"]}}],"collection":[{"href":"https:\/\/adf-magazine.com\/fr\/wp-json\/wp\/v2\/pages"}],"about":[{"href":"https:\/\/adf-magazine.com\/fr\/wp-json\/wp\/v2\/types\/page"}],"author":[{"embeddable":true,"href":"https:\/\/adf-magazine.com\/fr\/wp-json\/wp\/v2\/users\/1"}],"replies":[{"embeddable":true,"href":"https:\/\/adf-magazine.com\/fr\/wp-json\/wp\/v2\/comments?post=1844"}],"version-history":[{"count":0,"href":"https:\/\/adf-magazine.com\/fr\/wp-json\/wp\/v2\/pages\/1844\/revisions"}],"wp:attachment":[{"href":"https:\/\/adf-magazine.com\/fr\/wp-json\/wp\/v2\/media?parent=1844"}],"curies":[{"name":"wp","href":"https:\/\/api.w.org\/{rel}","templated":true}]}}