{"id":1303,"date":"2014-08-27T20:17:48","date_gmt":"2014-08-27T20:17:48","guid":{"rendered":"https:\/\/adf-magazine.com\/?page_id=1303"},"modified":"2025-05-08T10:19:27","modified_gmt":"2025-05-08T14:19:27","slug":"sur-adf","status":"publish","type":"page","link":"https:\/\/adf-magazine.com\/fr\/sur-adf\/","title":{"rendered":"Sur ADF"},"content":{"rendered":"\t\t<div data-elementor-type=\"wp-page\" data-elementor-id=\"1303\" class=\"elementor elementor-1303 elementor-20\">\n\t\t\t\t\t\t<section class=\"has-el-gap el-gap-default elementor-section elementor-top-section elementor-element elementor-element-e9fb5b7 elementor-section-boxed elementor-section-height-default elementor-section-height-default\" data-id=\"e9fb5b7\" data-element_type=\"section\" data-e-type=\"section\">\n\t\t\t\t\t\t<div class=\"elementor-container elementor-column-gap-no\">\n\t\t\t\t\t<div class=\"elementor-column elementor-col-100 elementor-top-column elementor-element elementor-element-5f18d5a\" data-id=\"5f18d5a\" data-element_type=\"column\" data-e-type=\"column\">\n\t\t\t<div class=\"elementor-widget-wrap elementor-element-populated\">\n\t\t\t\t\t\t<div class=\"elementor-element elementor-element-86956a6 elementor-widget elementor-widget-smartmag-heading\" data-id=\"86956a6\" data-element_type=\"widget\" data-e-type=\"widget\" data-widget_type=\"smartmag-heading.default\">\n\t\t\t\t<div class=\"elementor-widget-container\">\n\t\t\t\t\t\t\t\t\t\t\n\t\t\t\t\t\t\t\n\t\t\t\t<div class=\"block-head block-head-ac block-head-c is-left\">\n\n\t\t\t\t\t<h4 class=\"heading\">sur-adf<\/h4>\t\t\t\t\t\n\t\t\t\t\t\t\t\t\t<\/div>\n\t\t\t\t\n\t\t\t\n\t\t\t\t\t\t<\/div>\n\t\t\t\t<\/div>\n\t\t\t\t\t<\/div>\n\t\t<\/div>\n\t\t\t\t\t<\/div>\n\t\t<\/section>\n\t\t\t\t<section class=\"has-el-gap el-gap-default elementor-section elementor-top-section elementor-element elementor-element-533ead8 elementor-hidden-tablet elementor-hidden-mobile elementor-section-boxed elementor-section-height-default elementor-section-height-default\" data-id=\"533ead8\" data-element_type=\"section\" data-e-type=\"section\">\n\t\t\t\t\t\t<div class=\"elementor-container elementor-column-gap-no\">\n\t\t\t\t\t<div class=\"elementor-column elementor-col-50 elementor-top-column elementor-element elementor-element-428d60c\" data-id=\"428d60c\" data-element_type=\"column\" data-e-type=\"column\">\n\t\t\t<div class=\"elementor-widget-wrap elementor-element-populated\">\n\t\t\t\t\t\t<div class=\"elementor-element elementor-element-df81219 elementor-widget elementor-widget-text-editor\" data-id=\"df81219\" data-element_type=\"widget\" data-e-type=\"widget\" data-widget_type=\"text-editor.default\">\n\t\t\t\t<div class=\"elementor-widget-container\">\n\t\t\t\t\t\t\t\t\t<div id=\"pgc-20-0-0\" class=\"panel-grid-cell\" data-weight=\"1\"><div id=\"panel-20-0-0-0\" class=\"so-panel widget panel-first-child panel-last-child\" data-index=\"0\"><h5 class=\"yiv3025799279xmsonormal\"><strong><span style=\"color: #000000;\">Le magazine Africa Defense Forum (ADF) est publi\u00e9 trimestriellement par l\u2019\u00e9tat-major unifi\u00e9 des \u00c9tats-Unis pour l\u2019Afrique afin de fournir un forum international aux professionnels africains de la s\u00e9curit\u00e9. Le magazine ADF couvre tous les 54 pays du continent africain, avec des articles de fond sur les questions pertinentes de s\u00e9curit\u00e9 telles que les strat\u00e9gies de lutte contre le terrorisme, les relations civilo-militaires, le professionnalisme, le crime transnational et tous les autres th\u00e8mes qui affectent la paix, la stabilit\u00e9 et la bonne gouvernance. Les opinions exprim\u00e9es dans le magazine ADF ne repr\u00e9sentent pas n\u00e9cessairement la politique ou le point de vue de l\u2019\u00e9tat-major unifi\u00e9 des \u00c9tats-Unis pour l\u2019Afrique ou de toute autre agence du gouvernement des \u00c9tats-Unis. Tous les articles sont r\u00e9dig\u00e9s par l\u2019\u00e9quipe ADF ou attribu\u00e9s \u00e0 l\u2019agence de presse appropri\u00e9e ayant produit l\u2019information d\u2019origine. L\u2019abonnement au magazine imprim\u00e9 dans la langue anglaise, fran\u00e7aise ou arabe est offert gratuitement aux professionnels africains de la s\u00e9curit\u00e9. Les num\u00e9ros pr\u00e9c\u00e9dents peuvent \u00eatre acc\u00e9d\u00e9s num\u00e9riquement dans la section des archives.<\/span><\/strong><\/h5><\/div><\/div>\t\t\t\t\t\t\t\t<\/div>\n\t\t\t\t<\/div>\n\t\t\t\t\t<\/div>\n\t\t<\/div>\n\t\t\t\t<div class=\"elementor-column elementor-col-50 elementor-top-column elementor-element elementor-element-08d40f2\" data-id=\"08d40f2\" data-element_type=\"column\" data-e-type=\"column\">\n\t\t\t<div class=\"elementor-widget-wrap elementor-element-populated\">\n\t\t\t\t\t\t<section class=\"has-el-gap el-gap-default elementor-section elementor-inner-section elementor-element elementor-element-2fb3a7f elementor-section-boxed elementor-section-height-default elementor-section-height-default\" data-id=\"2fb3a7f\" data-element_type=\"section\" data-e-type=\"section\">\n\t\t\t\t\t\t<div class=\"elementor-container elementor-column-gap-no\">\n\t\t\t\t\t<div class=\"elementor-column elementor-col-50 elementor-inner-column elementor-element elementor-element-b1d8352 el-col-sep\" data-id=\"b1d8352\" data-element_type=\"column\" data-e-type=\"column\">\n\t\t\t<div class=\"elementor-widget-wrap elementor-element-populated\">\n\t\t\t\t\t\t<div class=\"elementor-element elementor-element-dbb1c68 elementor-widget elementor-widget-text-editor\" data-id=\"dbb1c68\" data-element_type=\"widget\" data-e-type=\"widget\" data-widget_type=\"text-editor.default\">\n\t\t\t\t<div class=\"elementor-widget-container\">\n\t\t\t\t\t\t\t\t\t<p><strong>Pour vous abonner, veuillez cliquer ici<\/strong><br \/><span style=\"color: #ff0000;\"><a style=\"color: #ff0000;\" href=\"https:\/\/gpx.6e9.myftpupload.com\/fr\/abonnement\/\"><strong>ABONNEMENT<\/strong><\/a><\/span><\/p><p><strong>Pour contribuer, veuillez cliquer ici <\/strong><span style=\"color: #ff0000;\"><strong><a style=\"color: #ff0000;\" href=\"https:\/\/gpx.6e9.myftpupload.com\/fr\/contribuer\/\">CONTRIBUER<\/a><\/strong><\/span><\/p><h5>Nous aimerions vivement communiquer avec les ressortissants de nos pays africains partenaires qui comprennent les int\u00e9r\u00eats et les d\u00e9fis mis en jeu sur le continent. Pour partager vos pens\u00e9es sur quoi que ce soit que vous ayez lu dans le magazine ADF ou en ligne, veuillez remplir le formulaire de contact ci-dessous.<\/h5>\t\t\t\t\t\t\t\t<\/div>\n\t\t\t\t<\/div>\n\t\t\t\t\t<\/div>\n\t\t<\/div>\n\t\t\t\t<div class=\"elementor-column elementor-col-50 elementor-inner-column elementor-element elementor-element-48e7424 el-col-sep\" data-id=\"48e7424\" data-element_type=\"column\" data-e-type=\"column\">\n\t\t\t<div class=\"elementor-widget-wrap elementor-element-populated\">\n\t\t\t\t\t\t<div class=\"elementor-element elementor-element-2595276 elementor-widget elementor-widget-text-editor\" data-id=\"2595276\" data-element_type=\"widget\" data-e-type=\"widget\" data-widget_type=\"text-editor.default\">\n\t\t\t\t<div class=\"elementor-widget-container\">\n\t\t\t\t\t\t\t\t\t<h6><strong><a href=\"https:\/\/gpx.6e9.myftpupload.com\/fr\/archives\/\">Les num\u00e9ros pr\u00e9c\u00e9dents peuvent \u00eatre acc\u00e9d\u00e9s num\u00e9riquement dans la section des archives<\/a>.<\/strong><\/h6>\t\t\t\t\t\t\t\t<\/div>\n\t\t\t\t<\/div>\n\t\t\t\t<div class=\"elementor-element elementor-element-b0de7fb elementor-widget elementor-widget-image\" data-id=\"b0de7fb\" data-element_type=\"widget\" data-e-type=\"widget\" data-widget_type=\"image.default\">\n\t\t\t\t<div class=\"elementor-widget-container\">\n\t\t\t\t\t\t\t\t\t\t\t\t\t\t\t\t<a href=\"https:\/\/gpx.6e9.myftpupload.com\/fr\/archives\/\">\n\t\t\t\t\t\t\t<img decoding=\"async\" class=\" lazyload\" src=\"data:image\/svg+xml;base64,PHN2ZyB2aWV3Qm94PScwIDAgMSAxJyB4bWxucz0naHR0cDovL3d3dy53My5vcmcvMjAwMC9zdmcnPjwvc3ZnPg==\" title=\"ADFmagazines2\" alt=\"ADFmagazines2\" loading=\"lazy\" data-src=\"https:\/\/adf-magazine.com\/wp-content\/uploads\/elementor\/thumbs\/ADFmagazines2-qygep1pw21uhxs5mfbymplavdmp3i4snq20woum7p6.png\" \/>\t\t\t\t\t\t\t\t<\/a>\n\t\t\t\t\t\t\t\t\t\t\t\t\t\t\t<\/div>\n\t\t\t\t<\/div>\n\t\t\t\t\t<\/div>\n\t\t<\/div>\n\t\t\t\t\t<\/div>\n\t\t<\/section>\n\t\t\t\t\t<\/div>\n\t\t<\/div>\n\t\t\t\t\t<\/div>\n\t\t<\/section>\n\t\t\t\t<section class=\"has-el-gap el-gap-default elementor-section elementor-top-section elementor-element elementor-element-6468f5a elementor-hidden-desktop elementor-section-boxed elementor-section-height-default elementor-section-height-default\" data-id=\"6468f5a\" data-element_type=\"section\" data-e-type=\"section\">\n\t\t\t\t\t\t<div class=\"elementor-container elementor-column-gap-no\">\n\t\t\t\t\t<div class=\"elementor-column elementor-col-100 elementor-top-column elementor-element elementor-element-7ca7827\" data-id=\"7ca7827\" data-element_type=\"column\" data-e-type=\"column\">\n\t\t\t<div class=\"elementor-widget-wrap elementor-element-populated\">\n\t\t\t\t\t\t<div class=\"elementor-element elementor-element-25e7107 elementor-widget elementor-widget-text-editor\" data-id=\"25e7107\" data-element_type=\"widget\" data-e-type=\"widget\" data-widget_type=\"text-editor.default\">\n\t\t\t\t<div class=\"elementor-widget-container\">\n\t\t\t\t\t\t\t\t\t<h5 class=\"yiv3025799279xmsonormal\"><span style=\"color: #999999;\">Le magazine Africa Defense Forum (ADF) est publi\u00e9 trimestriellement par l\u2019\u00e9tat-major unifi\u00e9 des \u00c9tats-Unis pour l\u2019Afrique afin de fournir un forum international aux professionnels africains de la s\u00e9curit\u00e9. Le magazine ADF couvre tous les 54 pays du continent africain, avec des articles de fond sur les questions pertinentes de s\u00e9curit\u00e9 telles que les strat\u00e9gies de lutte contre le terrorisme, les relations civilo-militaires, le professionnalisme, le crime transnational et tous les autres th\u00e8mes qui affectent la paix, la stabilit\u00e9 et la bonne gouvernance. Les opinions exprim\u00e9es dans le magazine ADF ne repr\u00e9sentent pas n\u00e9cessairement la politique ou le point de vue de l\u2019\u00e9tat-major unifi\u00e9 des \u00c9tats-Unis pour l\u2019Afrique ou de toute autre agence du gouvernement des \u00c9tats-Unis. Tous les articles sont r\u00e9dig\u00e9s par l\u2019\u00e9quipe ADF ou attribu\u00e9s \u00e0 l\u2019agence de presse appropri\u00e9e ayant produit l\u2019information d\u2019origine. L\u2019abonnement au magazine imprim\u00e9 dans la langue anglaise, fran\u00e7aise ou arabe est offert gratuitement aux professionnels africains de la s\u00e9curit\u00e9. Les num\u00e9ros pr\u00e9c\u00e9dents peuvent \u00eatre acc\u00e9d\u00e9s num\u00e9riquement dans la section des archives.<\/span><\/h5>\t\t\t\t\t\t\t\t<\/div>\n\t\t\t\t<\/div>\n\t\t\t\t<div class=\"elementor-element elementor-element-e0837f7 elementor-widget-divider--view-line elementor-widget elementor-widget-divider\" data-id=\"e0837f7\" data-element_type=\"widget\" data-e-type=\"widget\" data-widget_type=\"divider.default\">\n\t\t\t\t<div class=\"elementor-widget-container\">\n\t\t\t\t\t\t\t<div class=\"elementor-divider\">\n\t\t\t<span class=\"elementor-divider-separator\">\n\t\t\t\t\t\t<\/span>\n\t\t<\/div>\n\t\t\t\t\t\t<\/div>\n\t\t\t\t<\/div>\n\t\t\t\t<div class=\"elementor-element elementor-element-8b69e89 elementor-widget elementor-widget-text-editor\" data-id=\"8b69e89\" data-element_type=\"widget\" data-e-type=\"widget\" data-widget_type=\"text-editor.default\">\n\t\t\t\t<div class=\"elementor-widget-container\">\n\t\t\t\t\t\t\t\t\t<p><strong>Pour vous abonner, veuillez cliquer ici<\/strong><br \/><span style=\"color: #ff0000;\"><a style=\"color: #ff0000;\" href=\"https:\/\/gpx.6e9.myftpupload.com\/fr\/abonnement\/\"><strong>ABONNEMENT<\/strong><\/a><\/span><\/p><p><strong>Pour contribuer, veuillez cliquer ici <\/strong><span style=\"color: #ff0000;\"><strong><br \/><a style=\"color: #ff0000;\" href=\"https:\/\/gpx.6e9.myftpupload.com\/fr\/contribuer\/\">CONTRIBUER<\/a><\/strong><\/span><\/p><h5>Nous aimerions vivement communiquer avec les ressortissants de nos pays africains partenaires qui comprennent les int\u00e9r\u00eats et les d\u00e9fis mis en jeu sur le continent. Pour partager vos pens\u00e9es sur quoi que ce soit que vous ayez lu dans le magazine ADF ou en ligne, veuillez remplir le formulaire de contact ci-dessous.<\/h5>\t\t\t\t\t\t\t\t<\/div>\n\t\t\t\t<\/div>\n\t\t\t\t<div class=\"elementor-element elementor-element-9fa035e elementor-widget-divider--view-line elementor-widget elementor-widget-divider\" data-id=\"9fa035e\" data-element_type=\"widget\" data-e-type=\"widget\" data-widget_type=\"divider.default\">\n\t\t\t\t<div class=\"elementor-widget-container\">\n\t\t\t\t\t\t\t<div class=\"elementor-divider\">\n\t\t\t<span class=\"elementor-divider-separator\">\n\t\t\t\t\t\t<\/span>\n\t\t<\/div>\n\t\t\t\t\t\t<\/div>\n\t\t\t\t<\/div>\n\t\t\t\t<div class=\"elementor-element elementor-element-479c2ea elementor-widget elementor-widget-text-editor\" data-id=\"479c2ea\" data-element_type=\"widget\" data-e-type=\"widget\" data-widget_type=\"text-editor.default\">\n\t\t\t\t<div class=\"elementor-widget-container\">\n\t\t\t\t\t\t\t\t\t<p><strong><a href=\"https:\/\/gpx.6e9.myftpupload.com\/fr\/archives\/\">Les num\u00e9ros pr\u00e9c\u00e9dents peuvent \u00eatre acc\u00e9d\u00e9s num\u00e9riquement dans la section des archives<\/a>.<\/strong><\/p>\t\t\t\t\t\t\t\t<\/div>\n\t\t\t\t<\/div>\n\t\t\t\t<div class=\"elementor-element elementor-element-8e3b4ca elementor-widget elementor-widget-image\" data-id=\"8e3b4ca\" data-element_type=\"widget\" data-e-type=\"widget\" data-widget_type=\"image.default\">\n\t\t\t\t<div class=\"elementor-widget-container\">\n\t\t\t\t\t\t\t\t\t\t\t\t\t\t\t\t<a href=\"https:\/\/gpx.6e9.myftpupload.com\/fr\/archives\/\">\n\t\t\t\t\t\t\t<img fetchpriority=\"high\" decoding=\"async\" class=\"attachment-large size-large wp-image-121305 lazyload\" width=\"432\" height=\"425\" src=\"data:image\/svg+xml;base64,PHN2ZyB2aWV3Qm94PScwIDAgNDMyIDQyNScgeG1sbnM9J2h0dHA6Ly93d3cudzMub3JnLzIwMDAvc3ZnJz48L3N2Zz4=\" alt srcset=\"https:\/\/adf-magazine.com\/wp-content\/uploads\/2024\/12\/ADFmagazines2.png 432w, https:\/\/adf-magazine.com\/wp-content\/uploads\/2024\/12\/ADFmagazines2-300x295.png 300w, https:\/\/adf-magazine.com\/wp-content\/uploads\/2024\/12\/ADFmagazines2-70x70.png 70w, https:\/\/adf-magazine.com\/wp-content\/uploads\/2024\/12\/ADFmagazines2-150x148.png 150w\" sizes=\"(max-width: 432px) 100vw, 432px\" data-src=\"https:\/\/adf-magazine.com\/wp-content\/uploads\/2024\/12\/ADFmagazines2.png\" \/>\t\t\t\t\t\t\t\t<\/a>\n\t\t\t\t\t\t\t\t\t\t\t\t\t\t\t<\/div>\n\t\t\t\t<\/div>\n\t\t\t\t\t<\/div>\n\t\t<\/div>\n\t\t\t\t\t<\/div>\n\t\t<\/section>\n\t\t\t\t<\/div>\n\t\t","protected":false},"excerpt":{"rendered":"<p>sur-adf Le magazine Africa Defense Forum (ADF) est publi\u00e9 trimestriellement par l\u2019\u00e9tat-major unifi\u00e9 des \u00c9tats-Unis pour l\u2019Afrique afin de fournir un forum international aux professionnels africains de la s\u00e9curit\u00e9. Le magazine ADF couvre tous les 54 pays du continent africain, avec des articles de fond sur les questions pertinentes de s\u00e9curit\u00e9 telles que les strat\u00e9gies<\/p>\n","protected":false},"author":1,"featured_media":0,"parent":0,"menu_order":0,"comment_status":"closed","ping_status":"closed","template":"page-templates\/no-wrapper.php","meta":{"_acf_changed":false,"_monsterinsights_skip_tracking":false,"_monsterinsights_sitenote_active":false,"_monsterinsights_sitenote_note":"","_monsterinsights_sitenote_category":0,"_uf_show_specific_survey":0,"_uf_disable_surveys":false,"footnotes":""},"class_list":["post-1303","page","type-page","status-publish"],"acf":[],"yoast_head":"<!-- This site is optimized with the Yoast SEO plugin v27.3 - https:\/\/yoast.com\/product\/yoast-seo-wordpress\/ -->\n<title>Sur ADF - Africa Defense Forum<\/title>\n<meta name=\"robots\" content=\"index, follow, max-snippet:-1, max-image-preview:large, max-video-preview:-1\" \/>\n<link rel=\"canonical\" href=\"https:\/\/adf-magazine.com\/fr\/sur-adf\/\" \/>\n<meta property=\"og:locale\" content=\"fr_FR\" \/>\n<meta property=\"og:type\" content=\"article\" \/>\n<meta property=\"og:title\" content=\"Sur ADF - Africa Defense Forum\" \/>\n<meta property=\"og:description\" content=\"sur-adf Le magazine Africa Defense Forum (ADF) est publi\u00e9 trimestriellement par l\u2019\u00e9tat-major unifi\u00e9 des \u00c9tats-Unis pour l\u2019Afrique afin de fournir un forum international aux professionnels africains de la s\u00e9curit\u00e9. Le magazine ADF couvre tous les 54 pays du continent africain, avec des articles de fond sur les questions pertinentes de s\u00e9curit\u00e9 telles que les strat\u00e9gies\" \/>\n<meta property=\"og:url\" content=\"https:\/\/adf-magazine.com\/fr\/sur-adf\/\" \/>\n<meta property=\"og:site_name\" content=\"Africa Defense Forum\" \/>\n<meta property=\"article:publisher\" content=\"https:\/\/www.facebook.com\/ADFmagazine\/\" \/>\n<meta property=\"article:modified_time\" content=\"2025-05-08T14:19:27+00:00\" \/>\n<meta property=\"og:image\" content=\"https:\/\/adf-magazine.com\/wp-content\/uploads\/elementor\/thumbs\/ADFmagazines2-qygep1pw21uhxs5mfbymplavdmp3i4snq20woum7p6.png\" \/>\n<meta name=\"twitter:card\" content=\"summary_large_image\" \/>\n<meta name=\"twitter:site\" content=\"@ADFmagazine\" \/>\n<meta name=\"twitter:label1\" content=\"Dur\u00e9e de lecture estim\u00e9e\" \/>\n\t<meta name=\"twitter:data1\" content=\"1 minute\" \/>\n<script type=\"application\/ld+json\" class=\"yoast-schema-graph\">{\"@context\":\"https:\\\/\\\/schema.org\",\"@graph\":[{\"@type\":\"WebPage\",\"@id\":\"https:\\\/\\\/adf-magazine.com\\\/fr\\\/sur-adf\\\/\",\"url\":\"https:\\\/\\\/adf-magazine.com\\\/fr\\\/sur-adf\\\/\",\"name\":\"Sur ADF - Africa Defense Forum\",\"isPartOf\":{\"@id\":\"https:\\\/\\\/adf-magazine.com\\\/#website\"},\"primaryImageOfPage\":{\"@id\":\"https:\\\/\\\/adf-magazine.com\\\/fr\\\/sur-adf\\\/#primaryimage\"},\"image\":{\"@id\":\"https:\\\/\\\/adf-magazine.com\\\/fr\\\/sur-adf\\\/#primaryimage\"},\"thumbnailUrl\":\"https:\\\/\\\/adf-magazine.com\\\/wp-content\\\/uploads\\\/elementor\\\/thumbs\\\/ADFmagazines2-qygep1pw21uhxs5mfbymplavdmp3i4snq20woum7p6.png\",\"datePublished\":\"2014-08-27T20:17:48+00:00\",\"dateModified\":\"2025-05-08T14:19:27+00:00\",\"breadcrumb\":{\"@id\":\"https:\\\/\\\/adf-magazine.com\\\/fr\\\/sur-adf\\\/#breadcrumb\"},\"inLanguage\":\"fr-FR\",\"potentialAction\":[{\"@type\":\"ReadAction\",\"target\":[\"https:\\\/\\\/adf-magazine.com\\\/fr\\\/sur-adf\\\/\"]}]},{\"@type\":\"ImageObject\",\"inLanguage\":\"fr-FR\",\"@id\":\"https:\\\/\\\/adf-magazine.com\\\/fr\\\/sur-adf\\\/#primaryimage\",\"url\":\"https:\\\/\\\/adf-magazine.com\\\/wp-content\\\/uploads\\\/elementor\\\/thumbs\\\/ADFmagazines2-qygep1pw21uhxs5mfbymplavdmp3i4snq20woum7p6.png\",\"contentUrl\":\"https:\\\/\\\/adf-magazine.com\\\/wp-content\\\/uploads\\\/elementor\\\/thumbs\\\/ADFmagazines2-qygep1pw21uhxs5mfbymplavdmp3i4snq20woum7p6.png\"},{\"@type\":\"BreadcrumbList\",\"@id\":\"https:\\\/\\\/adf-magazine.com\\\/fr\\\/sur-adf\\\/#breadcrumb\",\"itemListElement\":[{\"@type\":\"ListItem\",\"position\":1,\"name\":\"page d\u2019accueil\",\"item\":\"https:\\\/\\\/adf-magazine.com\\\/\"},{\"@type\":\"ListItem\",\"position\":2,\"name\":\"Sur ADF\"}]},{\"@type\":\"WebSite\",\"@id\":\"https:\\\/\\\/adf-magazine.com\\\/#website\",\"url\":\"https:\\\/\\\/adf-magazine.com\\\/\",\"name\":\"Africa Defense Forum\",\"description\":\"Africa Defense Forum\",\"potentialAction\":[{\"@type\":\"SearchAction\",\"target\":{\"@type\":\"EntryPoint\",\"urlTemplate\":\"https:\\\/\\\/adf-magazine.com\\\/?s={search_term_string}\"},\"query-input\":{\"@type\":\"PropertyValueSpecification\",\"valueRequired\":true,\"valueName\":\"search_term_string\"}}],\"inLanguage\":\"fr-FR\"}]}<\/script>\n<!-- \/ Yoast SEO plugin. -->","yoast_head_json":{"title":"Sur ADF - Africa Defense Forum","robots":{"index":"index","follow":"follow","max-snippet":"max-snippet:-1","max-image-preview":"max-image-preview:large","max-video-preview":"max-video-preview:-1"},"canonical":"https:\/\/adf-magazine.com\/fr\/sur-adf\/","og_locale":"fr_FR","og_type":"article","og_title":"Sur ADF - Africa Defense Forum","og_description":"sur-adf Le magazine Africa Defense Forum (ADF) est publi\u00e9 trimestriellement par l\u2019\u00e9tat-major unifi\u00e9 des \u00c9tats-Unis pour l\u2019Afrique afin de fournir un forum international aux professionnels africains de la s\u00e9curit\u00e9. Le magazine ADF couvre tous les 54 pays du continent africain, avec des articles de fond sur les questions pertinentes de s\u00e9curit\u00e9 telles que les strat\u00e9gies","og_url":"https:\/\/adf-magazine.com\/fr\/sur-adf\/","og_site_name":"Africa Defense Forum","article_publisher":"https:\/\/www.facebook.com\/ADFmagazine\/","article_modified_time":"2025-05-08T14:19:27+00:00","og_image":[{"url":"https:\/\/adf-magazine.com\/wp-content\/uploads\/elementor\/thumbs\/ADFmagazines2-qygep1pw21uhxs5mfbymplavdmp3i4snq20woum7p6.png","type":"","width":"","height":""}],"twitter_card":"summary_large_image","twitter_site":"@ADFmagazine","twitter_misc":{"Dur\u00e9e de lecture estim\u00e9e":"1 minute"},"schema":{"@context":"https:\/\/schema.org","@graph":[{"@type":"WebPage","@id":"https:\/\/adf-magazine.com\/fr\/sur-adf\/","url":"https:\/\/adf-magazine.com\/fr\/sur-adf\/","name":"Sur ADF - Africa Defense Forum","isPartOf":{"@id":"https:\/\/adf-magazine.com\/#website"},"primaryImageOfPage":{"@id":"https:\/\/adf-magazine.com\/fr\/sur-adf\/#primaryimage"},"image":{"@id":"https:\/\/adf-magazine.com\/fr\/sur-adf\/#primaryimage"},"thumbnailUrl":"https:\/\/adf-magazine.com\/wp-content\/uploads\/elementor\/thumbs\/ADFmagazines2-qygep1pw21uhxs5mfbymplavdmp3i4snq20woum7p6.png","datePublished":"2014-08-27T20:17:48+00:00","dateModified":"2025-05-08T14:19:27+00:00","breadcrumb":{"@id":"https:\/\/adf-magazine.com\/fr\/sur-adf\/#breadcrumb"},"inLanguage":"fr-FR","potentialAction":[{"@type":"ReadAction","target":["https:\/\/adf-magazine.com\/fr\/sur-adf\/"]}]},{"@type":"ImageObject","inLanguage":"fr-FR","@id":"https:\/\/adf-magazine.com\/fr\/sur-adf\/#primaryimage","url":"https:\/\/adf-magazine.com\/wp-content\/uploads\/elementor\/thumbs\/ADFmagazines2-qygep1pw21uhxs5mfbymplavdmp3i4snq20woum7p6.png","contentUrl":"https:\/\/adf-magazine.com\/wp-content\/uploads\/elementor\/thumbs\/ADFmagazines2-qygep1pw21uhxs5mfbymplavdmp3i4snq20woum7p6.png"},{"@type":"BreadcrumbList","@id":"https:\/\/adf-magazine.com\/fr\/sur-adf\/#breadcrumb","itemListElement":[{"@type":"ListItem","position":1,"name":"page d\u2019accueil","item":"https:\/\/adf-magazine.com\/"},{"@type":"ListItem","position":2,"name":"Sur ADF"}]},{"@type":"WebSite","@id":"https:\/\/adf-magazine.com\/#website","url":"https:\/\/adf-magazine.com\/","name":"Africa Defense Forum","description":"Africa Defense Forum","potentialAction":[{"@type":"SearchAction","target":{"@type":"EntryPoint","urlTemplate":"https:\/\/adf-magazine.com\/?s={search_term_string}"},"query-input":{"@type":"PropertyValueSpecification","valueRequired":true,"valueName":"search_term_string"}}],"inLanguage":"fr-FR"}]}},"_links":{"self":[{"href":"https:\/\/adf-magazine.com\/fr\/wp-json\/wp\/v2\/pages\/1303","targetHints":{"allow":["GET"]}}],"collection":[{"href":"https:\/\/adf-magazine.com\/fr\/wp-json\/wp\/v2\/pages"}],"about":[{"href":"https:\/\/adf-magazine.com\/fr\/wp-json\/wp\/v2\/types\/page"}],"author":[{"embeddable":true,"href":"https:\/\/adf-magazine.com\/fr\/wp-json\/wp\/v2\/users\/1"}],"replies":[{"embeddable":true,"href":"https:\/\/adf-magazine.com\/fr\/wp-json\/wp\/v2\/comments?post=1303"}],"version-history":[{"count":0,"href":"https:\/\/adf-magazine.com\/fr\/wp-json\/wp\/v2\/pages\/1303\/revisions"}],"wp:attachment":[{"href":"https:\/\/adf-magazine.com\/fr\/wp-json\/wp\/v2\/media?parent=1303"}],"curies":[{"name":"wp","href":"https:\/\/api.w.org\/{rel}","templated":true}]}}