{"id":106278,"date":"2023-05-26T13:02:18","date_gmt":"2023-05-26T17:02:18","guid":{"rendered":"https:\/\/adf-magazine.com\/?page_id=106278"},"modified":"2024-12-12T14:04:48","modified_gmt":"2024-12-12T19:04:48","slug":"les-menaces-de-la-securite","status":"publish","type":"page","link":"https:\/\/adf-magazine.com\/fr\/les-menaces-de-la-securite\/","title":{"rendered":"Les menaces de la s\u00e9curit\u00e9"},"content":{"rendered":"\t\t<div data-elementor-type=\"wp-page\" data-elementor-id=\"106278\" class=\"elementor elementor-106278 elementor-105219\">\n\t\t\t\t\t\t<section class=\"has-el-gap el-gap-default elementor-section elementor-top-section elementor-element elementor-element-3ea521f elementor-section-full_width elementor-section-height-default elementor-section-height-default\" data-id=\"3ea521f\" data-element_type=\"section\" data-e-type=\"section\" data-settings=\"{&quot;background_background&quot;:&quot;classic&quot;}\">\n\t\t\t\t\t\t<div class=\"elementor-container elementor-column-gap-no\">\n\t\t\t\t\t<div class=\"elementor-column elementor-col-100 elementor-top-column elementor-element elementor-element-6e1665e\" data-id=\"6e1665e\" data-element_type=\"column\" data-e-type=\"column\">\n\t\t\t<div class=\"elementor-widget-wrap elementor-element-populated\">\n\t\t\t\t\t\t<div class=\"elementor-element elementor-element-2a13c7e elementor-widget elementor-widget-text-editor\" data-id=\"2a13c7e\" data-element_type=\"widget\" data-e-type=\"widget\" data-widget_type=\"text-editor.default\">\n\t\t\t\t<div class=\"elementor-widget-container\">\n\t\t\t\t\t\t\t\t\t<h1><span style=\"color: #ffffff;\">Les menaces de la s\u00e9curit\u00e9<\/span><\/h1>\t\t\t\t\t\t\t\t<\/div>\n\t\t\t\t<\/div>\n\t\t\t\t\t<\/div>\n\t\t<\/div>\n\t\t\t\t\t<\/div>\n\t\t<\/section>\n\t\t\t\t<section class=\"has-el-gap el-gap-default elementor-section elementor-top-section elementor-element elementor-element-0a8a4ff elementor-section-boxed elementor-section-height-default elementor-section-height-default\" data-id=\"0a8a4ff\" data-element_type=\"section\" data-e-type=\"section\">\n\t\t\t\t\t\t<div class=\"elementor-container elementor-column-gap-no\">\n\t\t\t\t\t<div class=\"elementor-column elementor-col-100 elementor-top-column elementor-element elementor-element-69ca797\" data-id=\"69ca797\" data-element_type=\"column\" data-e-type=\"column\">\n\t\t\t<div class=\"elementor-widget-wrap elementor-element-populated\">\n\t\t\t\t\t\t<div class=\"elementor-element elementor-element-d4216f1 elementor-widget elementor-widget-wp-widget-text\" data-id=\"d4216f1\" data-element_type=\"widget\" data-e-type=\"widget\" data-widget_type=\"wp-widget-text.default\">\n\t\t\t\t<div class=\"elementor-widget-container\">\n\t\t\t\t\t<div class=\"widget widget_text\">\t\t\t<div class=\"textwidget\"><h4>Africa Defense Forum fournit un grand \u00e9ventail d\u2019actualit\u00e9 et d\u2019information pour aider les professionnels de la s\u00e9curit\u00e9 sur le continent. Pour assister les lecteurs avec le suivi des questions d\u2019int\u00e9r\u00eat, nous avons organis\u00e9 notre contenu selon les sections suivantes. Veuillez cliquer sur un sujet pour en savoir plus :<\/h4>\n<\/div>\n\t\t<\/div>\t\t\t\t<\/div>\n\t\t\t\t<\/div>\n\t\t\t\t<div class=\"elementor-element elementor-element-25c6420 elementor-widget-divider--view-line elementor-widget elementor-widget-divider\" data-id=\"25c6420\" data-element_type=\"widget\" data-e-type=\"widget\" data-widget_type=\"divider.default\">\n\t\t\t\t<div class=\"elementor-widget-container\">\n\t\t\t\t\t\t\t<div class=\"elementor-divider\">\n\t\t\t<span class=\"elementor-divider-separator\">\n\t\t\t\t\t\t<\/span>\n\t\t<\/div>\n\t\t\t\t\t\t<\/div>\n\t\t\t\t<\/div>\n\t\t\t\t\t<\/div>\n\t\t<\/div>\n\t\t\t\t\t<\/div>\n\t\t<\/section>\n\t\t\t\t<section class=\"has-el-gap el-gap-default elementor-section elementor-top-section elementor-element elementor-element-86f8b3b elementor-section-boxed elementor-section-height-default elementor-section-height-default\" data-id=\"86f8b3b\" data-element_type=\"section\" data-e-type=\"section\">\n\t\t\t\t\t\t<div class=\"elementor-container elementor-column-gap-no\">\n\t\t\t\t\t<div class=\"elementor-column elementor-col-33 elementor-top-column elementor-element elementor-element-3a3b454\" data-id=\"3a3b454\" data-element_type=\"column\" data-e-type=\"column\">\n\t\t\t<div class=\"elementor-widget-wrap elementor-element-populated\">\n\t\t\t\t\t\t<div class=\"elementor-element elementor-element-7de1e71 post-content elementor-widget elementor-widget-text-editor\" data-id=\"7de1e71\" data-element_type=\"widget\" data-e-type=\"widget\" data-widget_type=\"text-editor.default\">\n\t\t\t\t<div class=\"elementor-widget-container\">\n\t\t\t\t\t\t\t\t\t<p><strong>Guerre asym\u00e9trique<\/strong><\/p><ul><li><p><a href=\"https:\/\/adf-magazine.com\/fr\/tag\/mesinformation\/\">D\u00e9sinformation<\/a><\/p><\/li><li><a href=\"https:\/\/adf-magazine.com\/fr\/tag\/propaganda-fr\/\">Propagande<\/a><\/li><\/ul><p><a href=\"https:\/\/adf-magazine.com\/fr\/tag\/securite-des-frontieres\/\"><strong>S\u00e9curit\u00e9 des fronti\u00e8res<\/strong><\/a><\/p><p><a href=\"https:\/\/adf-magazine.com\/fr\/tag\/guerre-civile\/\"><strong>Guerre Civile<\/strong><\/a><\/p><p><strong>Contre-terrorisme<\/strong><\/p><ul><li><a href=\"https:\/\/adf-magazine.com\/fr\/tag\/al-qaida\/\">Al Qaeda\u00a0<\/a><\/li><li><a href=\"https:\/\/adf-magazine.com\/fr\/tag\/shebabs\/\">Shebabs<\/a><\/li><li><a href=\"https:\/\/adf-magazine.com\/fr\/tag\/aswj-fr\/\">ASWJ\u00a0<\/a><\/li><li><a href=\"https:\/\/adf-magazine.com\/fr\/tag\/boko-haram-fr\/\">Boko Haram<\/a><\/li><li><a href=\"https:\/\/adf-magazine.com\/fr\/tag\/etat-islamique\/\">\u00c9tat islamique<\/a><\/li><li><a href=\"https:\/\/adf-magazine.com\/fr\/tag\/paoei\/\">PAOEI<\/a><\/li><li><a href=\"https:\/\/adf-magazine.com\/fr\/tag\/recrutement-des-terrorists\/\">Recrutement des terroristes<\/a><\/li><li><a href=\"https:\/\/adf-magazine.com\/fr\/tag\/financement-terroriste\/\">Financement terroriste<\/a><\/li><\/ul>\t\t\t\t\t\t\t\t<\/div>\n\t\t\t\t<\/div>\n\t\t\t\t\t<\/div>\n\t\t<\/div>\n\t\t\t\t<div class=\"elementor-column elementor-col-33 elementor-top-column elementor-element elementor-element-b5b98ab el-col-sep\" data-id=\"b5b98ab\" data-element_type=\"column\" data-e-type=\"column\">\n\t\t\t<div class=\"elementor-widget-wrap elementor-element-populated\">\n\t\t\t\t\t\t<div class=\"elementor-element elementor-element-d11eb5a post-content elementor-widget elementor-widget-text-editor\" data-id=\"d11eb5a\" data-element_type=\"widget\" data-e-type=\"widget\" data-widget_type=\"text-editor.default\">\n\t\t\t\t<div class=\"elementor-widget-container\">\n\t\t\t\t\t\t\t\t\t<p><a href=\"https:\/\/adf-magazine.com\/fr\/tag\/cybersecurite\/\"><strong>Cybers\u00e9curit\u00e9<\/strong><\/a><\/p><p><strong>Trafic illicite<\/strong><\/p><ul><li><p><a href=\"https:\/\/adf-magazine.com\/fr\/tag\/trafic-des-stupefiants\/\">Stup\u00e9fiants<\/a><\/p><\/li><li><p><a href=\"https:\/\/adf-magazine.com\/fr\/tag\/traite-des-etres-humains\/\">Traite humaine<\/a><\/p><\/li><li><p><a href=\"https:\/\/adf-magazine.com\/fr\/tag\/abattage-illegal-des-arbres\/\">Abattage des arbres<\/a><\/p><\/li><li><div><a href=\"https:\/\/adf-magazine.com\/fr\/tag\/trafic-de-la-faune-sauvage\/\"><span lang=\"FR\">Braconnage<\/span><\/a><\/div><\/li><li><p><a href=\"https:\/\/adf-magazine.com\/fr\/tag\/trafic-darmes\/\">Armes l\u00e9g\u00e8res et de petit calibre (ALPC)<\/a><\/p><\/li><\/ul><p><strong>Droit de la guerre<\/strong><\/p><ul><li><a href=\"https:\/\/adf-magazine.com\/fr\/tag\/crimes-de-guerre\/\">Crimes de guerre <\/a><\/li><li><a href=\"https:\/\/adf-magazine.com\/fr\/tag\/genocide-fr\/\">G\u00e9nocide<\/a><\/li><li><a href=\"https:\/\/adf-magazine.com\/fr\/tag\/enfants\/\">Enfants soldats<\/a><\/li><\/ul><p><strong>S\u00e9curit\u00e9 maritime<\/strong><\/p><ul><li><p><a href=\"https:\/\/adf-magazine.com\/fr\/tag\/peche-illegale\/\">INN<\/a><\/p><\/li><li><p><a href=\"https:\/\/adf-magazine.com\/fr\/tag\/piraterie\/\">Piraterie<\/a><\/p><\/li><li><a href=\"https:\/\/adf-magazine.com\/fr\/tag\/enlevement\/\">Enl\u00e8vement<\/a><\/li><\/ul><p><strong>Conflit li\u00e9 aux ressources naturelles<\/strong><\/p><ul><li><p><a href=\"https:\/\/adf-magazine.com\/fr\/tag\/securite-alimentaire\/\">S\u00e9curit\u00e9 Alimentaire<\/a><\/p><\/li><li><p><a href=\"https:\/\/adf-magazine.com\/fr\/tag\/industrie-miniere\/\">Min\u00e9raux<\/a><\/p><\/li><\/ul>\t\t\t\t\t\t\t\t<\/div>\n\t\t\t\t<\/div>\n\t\t\t\t\t<\/div>\n\t\t<\/div>\n\t\t\t\t<div class=\"elementor-column elementor-col-33 elementor-top-column elementor-element elementor-element-ef266e5 el-col-sep\" data-id=\"ef266e5\" data-element_type=\"column\" data-e-type=\"column\">\n\t\t\t<div class=\"elementor-widget-wrap elementor-element-populated\">\n\t\t\t\t\t\t<div class=\"elementor-element elementor-element-42ece68 post-content elementor-widget elementor-widget-text-editor\" data-id=\"42ece68\" data-element_type=\"widget\" data-e-type=\"widget\" data-widget_type=\"text-editor.default\">\n\t\t\t\t<div class=\"elementor-widget-container\">\n\t\t\t\t\t\t\t\t\t<p><strong>Pand\u00e9mie<\/strong><\/p>\n<ul>\n<li><a href=\"https:\/\/adf-magazine.com\/fr\/tag\/covid-19-fr\/\">Covid-19<\/a><\/li>\n<li><a href=\"https:\/\/adf-magazine.com\/fr\/tag\/ebola-fr\/\">Ebola<\/a><\/li>\n<\/ul>\n<p><strong>Maintien de la paix<\/strong><\/p>\n<ul>\n<li><a href=\"https:\/\/adf-magazine.com\/fr\/tag\/atmis-fr\/\">ATMIS<\/a><\/li>\n<li><a href=\"https:\/\/adf-magazine.com\/fr\/tag\/minusma-fr\/\">MINUSMA<\/a><\/li>\n<li><a href=\"https:\/\/adf-magazine.com\/fr\/tag\/minusca-fr\/\">MINUSCA<\/a><\/li>\n<li><a href=\"https:\/\/adf-magazine.com\/fr\/tag\/monusco-fr\/\">MONUSCO<\/a><\/li>\n<li><a href=\"https:\/\/adf-magazine.com\/fr\/tag\/minuss\/\">MINUSS<\/a><\/li>\n<li><a href=\"https:\/\/adf-magazine.com\/tag\/unmiss\/\">UNMISS<\/a><\/li>\n<li><a href=\"https:\/\/adf-magazine.com\/fr\/tag\/minuad\/\">UNAMID<\/a><\/li>\n<li><a href=\"https:\/\/adf-magazine.com\/fr\/tag\/unisfa-fr\/\">UNISFA<\/a><\/li>\n<\/ul>\n<p><strong>Professionnalisme<\/strong><\/p>\n<ul>\n<li>\n<p><a href=\"https:\/\/adf-magazine.com\/fr\/tag\/education-fr\/\">\u00c9ducation militaire professionnelle (EMP)<\/a><\/p>\n<\/li>\n<li><a href=\"https:\/\/adf-magazine.com\/fr\/tag\/rss\/\">R\u00e9forme du secteur de la s\u00e9curit\u00e9 (RSS)<\/a><\/li>\n<li><a href=\"https:\/\/adf-magazine.com\/fr\/tag\/exercice-de-formation\/\">Exercice de formation<\/a><\/li>\n<li><a href=\"https:\/\/adf-magazine.com\/fr\/tag\/catastrophe-naturelle\/\">Gestion des catastrophes<\/a><\/li>\n<li>\n<p><a href=\"https:\/\/adf-magazine.com\/fr\/tag\/femmes\/\">Les femmes, la paix et la s\u00e9curit\u00e9 (FPS)<\/a><\/p><\/li><\/ul>\t\t\t\t\t\t\t\t<\/div>\n\t\t\t\t<\/div>\n\t\t\t\t\t<\/div>\n\t\t<\/div>\n\t\t\t\t\t<\/div>\n\t\t<\/section>\n\t\t\t\t<\/div>\n\t\t","protected":false},"excerpt":{"rendered":"<p>Les menaces de la s\u00e9curit\u00e9 Guerre asym\u00e9trique D\u00e9sinformation Propagande S\u00e9curit\u00e9 des fronti\u00e8res Guerre Civile Contre-terrorisme Al Qaeda\u00a0 Shebabs ASWJ\u00a0 Boko Haram \u00c9tat islamique PAOEI Recrutement des terroristes Financement terroriste Cybers\u00e9curit\u00e9 Trafic illicite Stup\u00e9fiants Traite humaine Abattage des arbres Braconnage Armes l\u00e9g\u00e8res et de petit calibre (ALPC) Droit de la guerre Crimes de guerre G\u00e9nocide Enfants<\/p>\n","protected":false},"author":1,"featured_media":0,"parent":0,"menu_order":0,"comment_status":"closed","ping_status":"closed","template":"elementor_header_footer","meta":{"_acf_changed":false,"_monsterinsights_skip_tracking":false,"_monsterinsights_sitenote_active":false,"_monsterinsights_sitenote_note":"","_monsterinsights_sitenote_category":0,"_uf_show_specific_survey":0,"_uf_disable_surveys":false,"footnotes":""},"class_list":["post-106278","page","type-page","status-publish"],"acf":[],"yoast_head":"<!-- This site is optimized with the Yoast SEO plugin v27.4 - https:\/\/yoast.com\/product\/yoast-seo-wordpress\/ -->\n<title>Les menaces de la s\u00e9curit\u00e9 - Africa Defense Forum<\/title>\n<meta name=\"robots\" content=\"index, follow, max-snippet:-1, max-image-preview:large, max-video-preview:-1\" \/>\n<link rel=\"canonical\" href=\"https:\/\/adf-magazine.com\/security-threats\/\" \/>\n<meta property=\"og:locale\" content=\"fr_FR\" \/>\n<meta property=\"og:type\" content=\"article\" \/>\n<meta property=\"og:title\" content=\"Les menaces de la s\u00e9curit\u00e9 - Africa Defense Forum\" \/>\n<meta property=\"og:description\" content=\"Les menaces de la s\u00e9curit\u00e9 Guerre asym\u00e9trique D\u00e9sinformation Propagande S\u00e9curit\u00e9 des fronti\u00e8res Guerre Civile Contre-terrorisme Al Qaeda\u00a0 Shebabs ASWJ\u00a0 Boko Haram \u00c9tat islamique PAOEI Recrutement des terroristes Financement terroriste Cybers\u00e9curit\u00e9 Trafic illicite Stup\u00e9fiants Traite humaine Abattage des arbres Braconnage Armes l\u00e9g\u00e8res et de petit calibre (ALPC) Droit de la guerre Crimes de guerre G\u00e9nocide Enfants\" \/>\n<meta property=\"og:url\" content=\"https:\/\/adf-magazine.com\/security-threats\/\" \/>\n<meta property=\"og:site_name\" content=\"Africa Defense Forum\" \/>\n<meta property=\"article:publisher\" content=\"https:\/\/www.facebook.com\/ADFmagazine\/\" \/>\n<meta property=\"article:modified_time\" content=\"2024-12-12T19:04:48+00:00\" \/>\n<meta name=\"twitter:card\" content=\"summary_large_image\" \/>\n<meta name=\"twitter:site\" content=\"@ADFmagazine\" \/>\n<meta name=\"twitter:label1\" content=\"Dur\u00e9e de lecture estim\u00e9e\" \/>\n\t<meta name=\"twitter:data1\" content=\"1 minute\" \/>\n<script type=\"application\/ld+json\" class=\"yoast-schema-graph\">{\"@context\":\"https:\\\/\\\/schema.org\",\"@graph\":[{\"@type\":\"WebPage\",\"@id\":\"https:\\\/\\\/adf-magazine.com\\\/security-threats\\\/\",\"url\":\"https:\\\/\\\/adf-magazine.com\\\/security-threats\\\/\",\"name\":\"Les menaces de la s\u00e9curit\u00e9 - Africa Defense Forum\",\"isPartOf\":{\"@id\":\"https:\\\/\\\/adf-magazine.com\\\/#website\"},\"datePublished\":\"2023-05-26T17:02:18+00:00\",\"dateModified\":\"2024-12-12T19:04:48+00:00\",\"breadcrumb\":{\"@id\":\"https:\\\/\\\/adf-magazine.com\\\/security-threats\\\/#breadcrumb\"},\"inLanguage\":\"fr-FR\",\"potentialAction\":[{\"@type\":\"ReadAction\",\"target\":[\"https:\\\/\\\/adf-magazine.com\\\/security-threats\\\/\"]}]},{\"@type\":\"BreadcrumbList\",\"@id\":\"https:\\\/\\\/adf-magazine.com\\\/security-threats\\\/#breadcrumb\",\"itemListElement\":[{\"@type\":\"ListItem\",\"position\":1,\"name\":\"page d\u2019accueil\",\"item\":\"https:\\\/\\\/adf-magazine.com\\\/\"},{\"@type\":\"ListItem\",\"position\":2,\"name\":\"Les menaces de la s\u00e9curit\u00e9\"}]},{\"@type\":\"WebSite\",\"@id\":\"https:\\\/\\\/adf-magazine.com\\\/#website\",\"url\":\"https:\\\/\\\/adf-magazine.com\\\/\",\"name\":\"Africa Defense Forum\",\"description\":\"Africa Defense Forum\",\"potentialAction\":[{\"@type\":\"SearchAction\",\"target\":{\"@type\":\"EntryPoint\",\"urlTemplate\":\"https:\\\/\\\/adf-magazine.com\\\/?s={search_term_string}\"},\"query-input\":{\"@type\":\"PropertyValueSpecification\",\"valueRequired\":true,\"valueName\":\"search_term_string\"}}],\"inLanguage\":\"fr-FR\"}]}<\/script>\n<!-- \/ Yoast SEO plugin. -->","yoast_head_json":{"title":"Les menaces de la s\u00e9curit\u00e9 - Africa Defense Forum","robots":{"index":"index","follow":"follow","max-snippet":"max-snippet:-1","max-image-preview":"max-image-preview:large","max-video-preview":"max-video-preview:-1"},"canonical":"https:\/\/adf-magazine.com\/security-threats\/","og_locale":"fr_FR","og_type":"article","og_title":"Les menaces de la s\u00e9curit\u00e9 - Africa Defense Forum","og_description":"Les menaces de la s\u00e9curit\u00e9 Guerre asym\u00e9trique D\u00e9sinformation Propagande S\u00e9curit\u00e9 des fronti\u00e8res Guerre Civile Contre-terrorisme Al Qaeda\u00a0 Shebabs ASWJ\u00a0 Boko Haram \u00c9tat islamique PAOEI Recrutement des terroristes Financement terroriste Cybers\u00e9curit\u00e9 Trafic illicite Stup\u00e9fiants Traite humaine Abattage des arbres Braconnage Armes l\u00e9g\u00e8res et de petit calibre (ALPC) Droit de la guerre Crimes de guerre G\u00e9nocide Enfants","og_url":"https:\/\/adf-magazine.com\/security-threats\/","og_site_name":"Africa Defense Forum","article_publisher":"https:\/\/www.facebook.com\/ADFmagazine\/","article_modified_time":"2024-12-12T19:04:48+00:00","twitter_card":"summary_large_image","twitter_site":"@ADFmagazine","twitter_misc":{"Dur\u00e9e de lecture estim\u00e9e":"1 minute"},"schema":{"@context":"https:\/\/schema.org","@graph":[{"@type":"WebPage","@id":"https:\/\/adf-magazine.com\/security-threats\/","url":"https:\/\/adf-magazine.com\/security-threats\/","name":"Les menaces de la s\u00e9curit\u00e9 - Africa Defense Forum","isPartOf":{"@id":"https:\/\/adf-magazine.com\/#website"},"datePublished":"2023-05-26T17:02:18+00:00","dateModified":"2024-12-12T19:04:48+00:00","breadcrumb":{"@id":"https:\/\/adf-magazine.com\/security-threats\/#breadcrumb"},"inLanguage":"fr-FR","potentialAction":[{"@type":"ReadAction","target":["https:\/\/adf-magazine.com\/security-threats\/"]}]},{"@type":"BreadcrumbList","@id":"https:\/\/adf-magazine.com\/security-threats\/#breadcrumb","itemListElement":[{"@type":"ListItem","position":1,"name":"page d\u2019accueil","item":"https:\/\/adf-magazine.com\/"},{"@type":"ListItem","position":2,"name":"Les menaces de la s\u00e9curit\u00e9"}]},{"@type":"WebSite","@id":"https:\/\/adf-magazine.com\/#website","url":"https:\/\/adf-magazine.com\/","name":"Africa Defense Forum","description":"Africa Defense Forum","potentialAction":[{"@type":"SearchAction","target":{"@type":"EntryPoint","urlTemplate":"https:\/\/adf-magazine.com\/?s={search_term_string}"},"query-input":{"@type":"PropertyValueSpecification","valueRequired":true,"valueName":"search_term_string"}}],"inLanguage":"fr-FR"}]}},"_links":{"self":[{"href":"https:\/\/adf-magazine.com\/fr\/wp-json\/wp\/v2\/pages\/106278","targetHints":{"allow":["GET"]}}],"collection":[{"href":"https:\/\/adf-magazine.com\/fr\/wp-json\/wp\/v2\/pages"}],"about":[{"href":"https:\/\/adf-magazine.com\/fr\/wp-json\/wp\/v2\/types\/page"}],"author":[{"embeddable":true,"href":"https:\/\/adf-magazine.com\/fr\/wp-json\/wp\/v2\/users\/1"}],"replies":[{"embeddable":true,"href":"https:\/\/adf-magazine.com\/fr\/wp-json\/wp\/v2\/comments?post=106278"}],"version-history":[{"count":0,"href":"https:\/\/adf-magazine.com\/fr\/wp-json\/wp\/v2\/pages\/106278\/revisions"}],"wp:attachment":[{"href":"https:\/\/adf-magazine.com\/fr\/wp-json\/wp\/v2\/media?parent=106278"}],"curies":[{"name":"wp","href":"https:\/\/api.w.org\/{rel}","templated":true}]}}